{"id":913593153,"date":"2025-10-09T17:33:54","date_gmt":"2025-10-09T17:33:54","guid":{"rendered":"https:\/\/winmedia.fr\/inicio\/"},"modified":"2026-04-07T18:27:56","modified_gmt":"2026-04-07T18:27:56","slug":"inicio","status":"publish","type":"page","link":"https:\/\/winmedia.fr\/es\/","title":{"rendered":"Inicio"},"content":{"rendered":"<div  class='avia-slideshow av-mgpfyz4t-46b2cf1d205c0337ce9b906b477175a5 avia-slideshow-featured_large av_slideshow avia-fade-slider  avia-builder-el-0  el_before_av_section  avia-builder-el-no-sibling  av-slideshow-ui av-control-minimal av-hide-nav-arrows av-slideshow-autoplay av-loop-endless av-loop-manual-endless av-default-height-applied avia-slideshow-1' data-slideshow-options=\"{&quot;animation&quot;:&quot;fade&quot;,&quot;autoplay&quot;:true,&quot;loop_autoplay&quot;:&quot;endless&quot;,&quot;interval&quot;:5,&quot;loop_manual&quot;:&quot;manual-endless&quot;,&quot;autoplay_stopper&quot;:false,&quot;noNavigation&quot;:false,&quot;bg_slider&quot;:false,&quot;transitionSpeed&quot;:800,&quot;keep_padding&quot;:false,&quot;hoverpause&quot;:false,&quot;show_slide_delay&quot;:0}\"  itemprop=\"image\" itemscope=\"itemscope\" itemtype=\"https:\/\/schema.org\/ImageObject\" ><ul class='avia-slideshow-inner ' style='padding-bottom: 42%;'><li  class='avia-slideshow-slide av-mgpfyz4t-46b2cf1d205c0337ce9b906b477175a5__0  slide-1 slide-odd'><div data-rel='slideshow-1' class='avia-slide-wrap '   ><img decoding=\"async\" fetchpriority=\"high\" class=\"wp-image-913593146 avia-img-lazy-loading-not-913593146\"  src=\"https:\/\/winmedia.fr\/wp-content\/uploads\/2025\/10\/index01.jpg\" width=\"1500\" height=\"630\" title='\u00edndice01' alt=''  itemprop=\"thumbnailUrl\" srcset=\"https:\/\/winmedia.fr\/wp-content\/uploads\/2025\/10\/index01.jpg 1500w, https:\/\/winmedia.fr\/wp-content\/uploads\/2025\/10\/index01-300x126.jpg 300w, https:\/\/winmedia.fr\/wp-content\/uploads\/2025\/10\/index01-1030x433.jpg 1030w, https:\/\/winmedia.fr\/wp-content\/uploads\/2025\/10\/index01-768x323.jpg 768w, https:\/\/winmedia.fr\/wp-content\/uploads\/2025\/10\/index01-705x296.jpg 705w, https:\/\/winmedia.fr\/wp-content\/uploads\/2025\/10\/index01-24x10.jpg 24w\" sizes=\"(max-width: 1500px) 100vw, 1500px\" \/><\/div><\/li><li  class='avia-slideshow-slide av-mgpfyz4t-46b2cf1d205c0337ce9b906b477175a5__1  slide-2 slide-even'><div data-rel='slideshow-1' class='avia-slide-wrap '   ><img decoding=\"async\" fetchpriority=\"high\" class=\"wp-image-913593147 avia-img-lazy-loading-not-913593147\"  src=\"https:\/\/winmedia.fr\/wp-content\/uploads\/2025\/10\/index02.jpg\" width=\"1500\" height=\"630\" title='\u00edndice02' alt=''  itemprop=\"thumbnailUrl\" srcset=\"https:\/\/winmedia.fr\/wp-content\/uploads\/2025\/10\/index02.jpg 1500w, https:\/\/winmedia.fr\/wp-content\/uploads\/2025\/10\/index02-300x126.jpg 300w, https:\/\/winmedia.fr\/wp-content\/uploads\/2025\/10\/index02-1030x433.jpg 1030w, https:\/\/winmedia.fr\/wp-content\/uploads\/2025\/10\/index02-768x323.jpg 768w, https:\/\/winmedia.fr\/wp-content\/uploads\/2025\/10\/index02-705x296.jpg 705w, https:\/\/winmedia.fr\/wp-content\/uploads\/2025\/10\/index02-24x10.jpg 24w\" sizes=\"(max-width: 1500px) 100vw, 1500px\" \/><\/div><\/li><li  class='avia-slideshow-slide av-mgpfyz4t-46b2cf1d205c0337ce9b906b477175a5__2  slide-3 slide-odd'><div data-rel='slideshow-1' class='avia-slide-wrap '   ><img decoding=\"async\" fetchpriority=\"high\" class=\"wp-image-913593148 avia-img-lazy-loading-not-913593148\"  src=\"https:\/\/winmedia.fr\/wp-content\/uploads\/2025\/10\/index03.jpg\" width=\"1500\" height=\"630\" title='\u00edndice03' alt=''  itemprop=\"thumbnailUrl\" srcset=\"https:\/\/winmedia.fr\/wp-content\/uploads\/2025\/10\/index03.jpg 1500w, https:\/\/winmedia.fr\/wp-content\/uploads\/2025\/10\/index03-300x126.jpg 300w, https:\/\/winmedia.fr\/wp-content\/uploads\/2025\/10\/index03-1030x433.jpg 1030w, https:\/\/winmedia.fr\/wp-content\/uploads\/2025\/10\/index03-768x323.jpg 768w, https:\/\/winmedia.fr\/wp-content\/uploads\/2025\/10\/index03-705x296.jpg 705w, https:\/\/winmedia.fr\/wp-content\/uploads\/2025\/10\/index03-24x10.jpg 24w\" sizes=\"(max-width: 1500px) 100vw, 1500px\" \/><\/div><\/li><li  class='avia-slideshow-slide av-mgpfyz4t-46b2cf1d205c0337ce9b906b477175a5__3  slide-4 slide-even'><div data-rel='slideshow-1' class='avia-slide-wrap '   ><img decoding=\"async\" fetchpriority=\"high\" class=\"wp-image-913593149 avia-img-lazy-loading-not-913593149\"  src=\"https:\/\/winmedia.fr\/wp-content\/uploads\/2025\/10\/index04.jpg\" width=\"1500\" height=\"630\" title='\u00edndice04' alt=''  itemprop=\"thumbnailUrl\" srcset=\"https:\/\/winmedia.fr\/wp-content\/uploads\/2025\/10\/index04.jpg 1500w, https:\/\/winmedia.fr\/wp-content\/uploads\/2025\/10\/index04-300x126.jpg 300w, https:\/\/winmedia.fr\/wp-content\/uploads\/2025\/10\/index04-1030x433.jpg 1030w, https:\/\/winmedia.fr\/wp-content\/uploads\/2025\/10\/index04-768x323.jpg 768w, https:\/\/winmedia.fr\/wp-content\/uploads\/2025\/10\/index04-705x296.jpg 705w, https:\/\/winmedia.fr\/wp-content\/uploads\/2025\/10\/index04-24x10.jpg 24w\" sizes=\"(max-width: 1500px) 100vw, 1500px\" \/><\/div><\/li><li  class='avia-slideshow-slide av-mgpfyz4t-46b2cf1d205c0337ce9b906b477175a5__4  slide-5 slide-odd'><div data-rel='slideshow-1' class='avia-slide-wrap '   ><img decoding=\"async\" fetchpriority=\"high\" class=\"wp-image-913593150 avia-img-lazy-loading-not-913593150\"  src=\"https:\/\/winmedia.fr\/wp-content\/uploads\/2025\/10\/index05.jpg\" width=\"1500\" height=\"630\" title='\u00edndice05' alt=''  itemprop=\"thumbnailUrl\" srcset=\"https:\/\/winmedia.fr\/wp-content\/uploads\/2025\/10\/index05.jpg 1500w, https:\/\/winmedia.fr\/wp-content\/uploads\/2025\/10\/index05-300x126.jpg 300w, https:\/\/winmedia.fr\/wp-content\/uploads\/2025\/10\/index05-1030x433.jpg 1030w, https:\/\/winmedia.fr\/wp-content\/uploads\/2025\/10\/index05-768x323.jpg 768w, https:\/\/winmedia.fr\/wp-content\/uploads\/2025\/10\/index05-705x296.jpg 705w, https:\/\/winmedia.fr\/wp-content\/uploads\/2025\/10\/index05-24x10.jpg 24w\" sizes=\"(max-width: 1500px) 100vw, 1500px\" \/><\/div><\/li><li  class='avia-slideshow-slide av-mgpfyz4t-46b2cf1d205c0337ce9b906b477175a5__5  slide-6 slide-even'><div data-rel='slideshow-1' class='avia-slide-wrap '   ><img decoding=\"async\" fetchpriority=\"high\" class=\"wp-image-913593151 avia-img-lazy-loading-not-913593151\"  src=\"https:\/\/winmedia.fr\/wp-content\/uploads\/2025\/10\/index06.jpg\" width=\"1500\" height=\"630\" title='\u00edndice06' alt=''  itemprop=\"thumbnailUrl\" srcset=\"https:\/\/winmedia.fr\/wp-content\/uploads\/2025\/10\/index06.jpg 1500w, https:\/\/winmedia.fr\/wp-content\/uploads\/2025\/10\/index06-300x126.jpg 300w, https:\/\/winmedia.fr\/wp-content\/uploads\/2025\/10\/index06-1030x433.jpg 1030w, https:\/\/winmedia.fr\/wp-content\/uploads\/2025\/10\/index06-768x323.jpg 768w, https:\/\/winmedia.fr\/wp-content\/uploads\/2025\/10\/index06-705x296.jpg 705w, https:\/\/winmedia.fr\/wp-content\/uploads\/2025\/10\/index06-24x10.jpg 24w\" sizes=\"(max-width: 1500px) 100vw, 1500px\" \/><\/div><\/li><li  class='avia-slideshow-slide av-mgpfyz4t-46b2cf1d205c0337ce9b906b477175a5__6  slide-7 slide-odd'><div data-rel='slideshow-1' class='avia-slide-wrap '   ><img decoding=\"async\" fetchpriority=\"high\" class=\"wp-image-913593152 avia-img-lazy-loading-not-913593152\"  src=\"https:\/\/winmedia.fr\/wp-content\/uploads\/2025\/10\/index07.jpg\" width=\"1500\" height=\"630\" title='\u00edndice07' alt=''  itemprop=\"thumbnailUrl\" srcset=\"https:\/\/winmedia.fr\/wp-content\/uploads\/2025\/10\/index07.jpg 1500w, https:\/\/winmedia.fr\/wp-content\/uploads\/2025\/10\/index07-300x126.jpg 300w, https:\/\/winmedia.fr\/wp-content\/uploads\/2025\/10\/index07-1030x433.jpg 1030w, https:\/\/winmedia.fr\/wp-content\/uploads\/2025\/10\/index07-768x323.jpg 768w, https:\/\/winmedia.fr\/wp-content\/uploads\/2025\/10\/index07-705x296.jpg 705w, https:\/\/winmedia.fr\/wp-content\/uploads\/2025\/10\/index07-24x10.jpg 24w\" sizes=\"(max-width: 1500px) 100vw, 1500px\" \/><\/div><\/li><\/ul><div class='avia-slideshow-arrows avia-slideshow-controls' ><a href='#prev' class='prev-slide  avia-svg-icon avia-font-svg_entypo-fontello' data-av_svg_icon='left-open-big' data-av_iconset='svg_entypo-fontello' tabindex='-1' title=\"Anterior\"><svg version=\"1.1\" xmlns=\"http:\/\/www.w3.org\/2000\/svg\" width=\"15\" height=\"32\" viewBox=\"0 0 15 32\" preserveAspectRatio=\"xMidYMid meet\" aria-labelledby='av-svg-title-1' aria-describedby='av-svg-desc-1' role=\"graphics-symbol\" aria-hidden=\"true\">\n<title id='av-svg-title-1'>Anterior<\/title>\n<desc id='av-svg-desc-1'>Anterior<\/desc>\n<path d=\"M14.464 27.84q0.832 0.832 0 1.536-0.832 0.832-1.536 0l-12.544-12.608q-0.768-0.768 0-1.6l12.544-12.608q0.704-0.832 1.536 0 0.832 0.704 0 1.536l-11.456 11.904z\"><\/path>\n<\/svg><span class='avia_hidden_link_text'>Anterior<\/span><\/a><a href='#next' class='next-slide  avia-svg-icon avia-font-svg_entypo-fontello' data-av_svg_icon='right-open-big' data-av_iconset='svg_entypo-fontello' tabindex='-1' title=\"Posterior\"><svg version=\"1.1\" xmlns=\"http:\/\/www.w3.org\/2000\/svg\" width=\"15\" height=\"32\" viewBox=\"0 0 15 32\" preserveAspectRatio=\"xMidYMid meet\" aria-labelledby='av-svg-title-2' aria-describedby='av-svg-desc-2' role=\"graphics-symbol\" aria-hidden=\"true\">\n<title id='av-svg-title-2'>Posterior<\/title>\n<desc id='av-svg-desc-2'>Posterior<\/desc>\n<path d=\"M0.416 27.84l11.456-11.84-11.456-11.904q-0.832-0.832 0-1.536 0.832-0.832 1.536 0l12.544 12.608q0.768 0.832 0 1.6l-12.544 12.608q-0.704 0.832-1.536 0-0.832-0.704 0-1.536z\"><\/path>\n<\/svg><span class='avia_hidden_link_text'>Posterior<\/span><\/a><\/div><div class='avia-slideshow-dots avia-slideshow-controls'><a href='#1' class='goto-slide active' >1<\/a><a href='#2' class='goto-slide ' >2<\/a><a href='#3' class='goto-slide ' >3<\/a><a href='#4' class='goto-slide ' >4<\/a><a href='#5' class='goto-slide ' >5<\/a><a href='#6' class='goto-slide ' >6<\/a><a href='#7' class='goto-slide ' >7<\/a><\/div><\/div>\n<\/div><\/div><\/div><!-- close content main div --><\/div><\/div><div id='av_section_1'  class='avia-section av-ml551a4c-a6b735b03448ca9c0b9d7edbdee3faed main_color avia-section-no-padding avia-no-border-styling  avia-builder-el-1  el_after_av_slideshow  el_before_av_section  avia-bg-style-scroll container_wrap fullsize'  ><div class='container av-section-cont-open' ><div class='template-page content  av-content-full alpha units'><div class='post-entry post-entry-type-page post-entry-913593153'><div class='entry-content-wrapper clearfix'>\n<div  class='flex_column av-iiqti4j8w-6f63af6b51067caa97ddf7701ecf2c66 av_one_fifth  avia-builder-el-2  el_before_av_three_fifth  avia-builder-el-first  first flex_column_div  '     ><\/div><div  class='flex_column av-eqq54qe7k-6261010e0300827882b9732998f8b80b av_three_fifth  avia-builder-el-3  el_after_av_one_fifth  el_before_av_one_fifth  flex_column_div  '     ><\/div><div  class='flex_column av-cxwvr9oq8-699f2bf4fec623df5c35504d934fb806 av_one_fifth  avia-builder-el-5  el_after_av_three_fifth  avia-builder-el-last  flex_column_div  '     ><\/div>\n\n<\/div><\/div><\/div><!-- close content main div --><\/div><\/div><div id='av_section_2'  class='avia-section av-ml552mj5-b56555b0f3a12efeea3cccb2496da3fe main_color avia-section-no-padding avia-no-border-styling  avia-builder-el-6  el_after_av_section  el_before_av_hr  av-desktop-hide av-medium-hide av-small-hide av-mini-hide avia-bg-style-scroll container_wrap fullsize'  ><div class='container av-section-cont-open' ><div class='template-page content  av-content-full alpha units'><div class='post-entry post-entry-type-page post-entry-913593153'><div class='entry-content-wrapper clearfix'>\n<div  class='flex_column av-11tqt-81cd7d0ddc643a6e457305c8f4a97a0b av_one_fifth  avia-builder-el-7  el_before_av_three_fifth  avia-builder-el-first  first flex_column_div  '     ><\/div><div  class='flex_column av-87v02xpbk-eb8a3c2ae4f72b266ea4ff65c371ad40 av_three_fifth  avia-builder-el-8  el_after_av_one_fifth  el_before_av_one_fifth  flex_column_div  '     ><style type=\"text\/css\" data-created_by=\"avia_inline_auto\" id=\"style-css-av-8mvpicho0-9dac047d07461c2efe879ed45dcf6d7d\">\n.avia-image-container.av-8mvpicho0-9dac047d07461c2efe879ed45dcf6d7d img.avia_image{\nbox-shadow:none;\n}\n.avia-image-container.av-8mvpicho0-9dac047d07461c2efe879ed45dcf6d7d .av-image-caption-overlay-center{\ncolor:#ffffff;\n}\n<\/style>\n<div  class='avia-image-container av-8mvpicho0-9dac047d07461c2efe879ed45dcf6d7d av-styling- avia-align-center  avia-builder-el-9  avia-builder-el-no-sibling '   itemprop=\"image\" itemscope=\"itemscope\" itemtype=\"https:\/\/schema.org\/ImageObject\" ><div class=\"avia-image-container-inner\"><div class=\"avia-image-overlay-wrap\"><img decoding=\"async\" fetchpriority=\"high\" class='wp-image-913593145 avia-img-lazy-loading-not-913593145 avia_image ' src=\"https:\/\/winmedia.fr\/wp-content\/uploads\/2025\/10\/winmedia-ecosystem-1.jpg\" alt='' title='winmedia ecosystem'  height=\"544\" width=\"711\"  itemprop=\"thumbnailUrl\" srcset=\"https:\/\/winmedia.fr\/wp-content\/uploads\/2025\/10\/winmedia-ecosystem-1.jpg 711w, https:\/\/winmedia.fr\/wp-content\/uploads\/2025\/10\/winmedia-ecosystem-1-300x230.jpg 300w, https:\/\/winmedia.fr\/wp-content\/uploads\/2025\/10\/winmedia-ecosystem-1-705x539.jpg 705w, https:\/\/winmedia.fr\/wp-content\/uploads\/2025\/10\/winmedia-ecosystem-1-24x18.jpg 24w\" sizes=\"(max-width: 711px) 100vw, 711px\" \/><\/div><\/div><\/div><\/div><div  class='flex_column av-429zmsewg-358770ab63e7431c543341c203d1c694 av_one_fifth  avia-builder-el-10  el_after_av_three_fifth  avia-builder-el-last  flex_column_div  '     ><\/div>\n<\/div><\/div><\/div><!-- close content main div --><\/div><\/div><div id='after_section_2'  class='main_color av_default_container_wrap container_wrap fullsize'  ><div class='container av-section-cont-open' ><div class='template-page content  av-content-full alpha units'><div class='post-entry post-entry-type-page post-entry-913593153'><div class='entry-content-wrapper clearfix'>\n\n<style type=\"text\/css\" data-created_by=\"avia_inline_auto\" id=\"style-css-av-mgjum2ds-b0d942366f57c7c1074aefc6d3f09dcb\">\n#top .hr.hr-invisible.av-mgjum2ds-b0d942366f57c7c1074aefc6d3f09dcb{\nheight:30px;\n}\n<\/style>\n<div  class='hr av-mgjum2ds-b0d942366f57c7c1074aefc6d3f09dcb hr-invisible  avia-builder-el-11  el_after_av_section  el_before_av_one_half  avia-builder-el-first '><span class='hr-inner '><span class=\"hr-inner-style\"><\/span><\/span><\/div>\n\n<style type=\"text\/css\" data-created_by=\"avia_inline_auto\" id=\"style-css-av-4dwyg1ils-b86b8ae8e8fd1b77f8545ea2daf9ffe6\">\n.flex_column.av-4dwyg1ils-b86b8ae8e8fd1b77f8545ea2daf9ffe6{\nborder-radius:30px 30px 30px 30px;\npadding:30px 30px 30px 30px;\nbackground-color:#5e5e5e;\n}\n<\/style>\n<div  class='flex_column av-4dwyg1ils-b86b8ae8e8fd1b77f8545ea2daf9ffe6 av_one_half  avia-builder-el-12  el_after_av_hr  el_before_av_one_half  first flex_column_div  '     ><style type=\"text\/css\" data-created_by=\"avia_inline_auto\" id=\"style-css-av-mgmbfi00-58c676484ddea293e26a563c4370cf8a\">\n#top .av_textblock_section.av-mgmbfi00-58c676484ddea293e26a563c4370cf8a .avia_textblock{\ncolor:#ffffff;\n}\n<\/style>\n<section  class='av_textblock_section av-mgmbfi00-58c676484ddea293e26a563c4370cf8a '   itemscope=\"itemscope\" itemtype=\"https:\/\/schema.org\/CreativeWork\" ><div class='avia_textblock av_inherit_color'  itemprop=\"text\" ><p>Fundado en 1995, win-Group es un proveedor l\u00edder en soluciones de automatizaci\u00f3n y gesti\u00f3n de contenidos. M\u00e1s de 4500 productores de contenido y emisoras de todo el mundo conf\u00edan en la potencia, flexibilidad y fiabilidad de las soluciones winMedia para sus operaciones de misi\u00f3n cr\u00edtica. La presencia global de winMedia incluye cinco oficinas ubicadas estrat\u00e9gicamente en Par\u00eds, Montreal, Abiy\u00e1n, M\u00e9xico y Singapur, lo que garantiza un soporte \u00f3ptimo.<br \/>\nSus productos principales son winMedia Suite. Estas soluciones integrales cubren toda la cadena de producci\u00f3n de noticias y m\u00fasica, y facilitan la entrega r\u00e1pida de contenido a m\u00faltiples dispositivos. Altamente escalables y flexibles, gestionan todo tipo de contenido multimedia, incluyendo audio, v\u00eddeo, im\u00e1genes y m\u00e1s. Permiten a las emisoras operar su producci\u00f3n de contenido de radio, televisi\u00f3n y digital dentro de un \u00fanico sistema. Construidas sobre una plataforma robusta de gesti\u00f3n de activos multimedia, agilizan cada aspecto de las cadenas de producci\u00f3n y entrega digital, ayudando a las emisoras de radio y televisi\u00f3n a aprovechar sus esfuerzos de programaci\u00f3n y aumentar la productividad.<\/p>\n<\/div><\/section><\/div>\n<div  class='flex_column av-bgyuvsju8-eeab0f73264b5524280adcb85649b5fd av_one_half  avia-builder-el-14  el_after_av_one_half  avia-builder-el-last  flex_column_div  '     ><p><div  class='avia-video av-mgpg55qo-43f025b7f34ff317647e0189b226eea4 avia-video-16-9 av-no-preview-image avia-video-load-always av-lazyload-immediate av-lazyload-video-embed'  itemprop=\"video\" itemtype=\"https:\/\/schema.org\/VideoObject\"  data-original_url='https:\/\/www.youtube.com\/watch?v=5rXvMLbVyqU'><script type='text\/html' class='av-video-tmpl'><div class='avia-iframe-wrap'><iframe loading=\"lazy\" title=\"WinMedia corporate EN\" width=\"1500\" height=\"844\" src=\"https:\/\/www.youtube.com\/embed\/5rXvMLbVyqU?feature=oembed&autoplay=0&loop=0&controls=1&mute=0\" frameborder=\"0\" allow=\"accelerometer; autoplay; clipboard-write; encrypted-media; gyroscope; picture-in-picture; web-share\" referrerpolicy=\"strict-origin-when-cross-origin\" allowfullscreen><\/iframe><\/div><\/script><div class='av-click-to-play-overlay'><div class=\"avia_playpause_icon\"><\/div><\/div><\/div><br \/>\n\n<style type=\"text\/css\" data-created_by=\"avia_inline_auto\" id=\"style-css-av-5c7t1u8og-77510d86124365edaa8b5162b432ae89\">\n#top .hr.hr-invisible.av-5c7t1u8og-77510d86124365edaa8b5162b432ae89{\nheight:30px;\n}\n<\/style>\n<div  class='hr av-5c7t1u8og-77510d86124365edaa8b5162b432ae89 hr-invisible  avia-builder-el-16  el_after_av_video  el_before_av_button '><span class='hr-inner '><span class=\"hr-inner-style\"><\/span><\/span><\/div><br \/>\n<div  class='avia-button-wrap av-71l149wts-551a14a47b01ce34460831b92a14995a-wrap avia_animated_button av-animated-when-visible-95 pop-up avia-button-center  avia-builder-el-17  el_after_av_hr  avia-builder-el-last '>\n<style type=\"text\/css\" data-created_by=\"avia_inline_auto\" id=\"style-css-av-71l149wts-551a14a47b01ce34460831b92a14995a\">\n@keyframes av_sonarEffect_av-71l149wts-551a14a47b01ce34460831b92a14995a {\n  0% {opacity: 0.3;}\n 40% {opacity: 0.5; box-shadow: 0 0 0 2px rgba(255,255,255,0.1), 0 0 10px 10px #ffffff, 0 0 0 10px rgba(255,255,255,0.5);}\n100% {opacity: 0; box-shadow: 0 0 0 2px rgba(255,255,255,0.1), 0 0 10px 10px #ffffff, 0 0 0 10px rgba(255,255,255,0.5); transform: scale(1.5);}\n}\n.avia_transform  .avia-button-wrap.av-71l149wts-551a14a47b01ce34460831b92a14995a-wrap{\nanimation-duration:1.5s;\n}\n#top #wrap_all .avia-button.av-71l149wts-551a14a47b01ce34460831b92a14995a{\nborder-radius:30px 30px 30px 30px;\ntransition:all 0.4s ease-in-out;\n}\n#top #wrap_all.avia-button.av-71l149wts-551a14a47b01ce34460831b92a14995a:hover .avia_button_background{\nborder-radius:30px 30px 30px 30px;\n}\n.avia-button.av-71l149wts-551a14a47b01ce34460831b92a14995a.avia-sonar-shadow:after{\nborder-radius:30px 30px 30px 30px;\n}\n.avia-button.av-71l149wts-551a14a47b01ce34460831b92a14995a.avia-sonar-shadow:hover:after{\nanimation:av_sonarEffect_av-71l149wts-551a14a47b01ce34460831b92a14995a 1s ease-in-out;\n}\n<\/style>\n<a href='https:\/\/winmedia.fr\/es\/para-demostracion\/'  class='avia-button av-71l149wts-551a14a47b01ce34460831b92a14995a av-link-btn avia-icon_select-yes-right-icon avia-size-large avia-position-center avia-color-theme-color avia-sonar-shadow'   aria-label=\"Solicitar una demostraci\u00f3n\"><span class='avia_iconbox_title' >Solicitar una demostraci\u00f3n<\/span><span class='avia_button_icon avia_button_icon_right avia-svg-icon avia-font-svg_entypo-fontello' data-av_svg_icon='right-dir' data-av_iconset='svg_entypo-fontello'><svg version=\"1.1\" xmlns=\"http:\/\/www.w3.org\/2000\/svg\" width=\"13\" height=\"32\" viewBox=\"0 0 13 32\" preserveAspectRatio=\"xMidYMid meet\" aria-labelledby='av-svg-title-3' aria-describedby='av-svg-desc-3' role=\"graphics-symbol\">\n<title id='av-svg-title-3'>Right-dir<\/title>\n<desc id='av-svg-desc-3'>Right-dir<\/desc>\n<path d=\"M0 8.64l12.8 7.36-12.8 7.36v-14.72z\"><\/path>\n<\/svg><\/span><\/a><\/div><\/p><\/div>\n","protected":false},"excerpt":{"rendered":"","protected":false},"author":1,"featured_media":913593146,"parent":0,"menu_order":0,"comment_status":"closed","ping_status":"closed","template":"","meta":{"footnotes":""},"class_list":["post-913593153","page","type-page","status-publish","has-post-thumbnail","hentry"],"_links":{"self":[{"href":"https:\/\/winmedia.fr\/es\/wp-json\/wp\/v2\/pages\/913593153","targetHints":{"allow":["GET"]}}],"collection":[{"href":"https:\/\/winmedia.fr\/es\/wp-json\/wp\/v2\/pages"}],"about":[{"href":"https:\/\/winmedia.fr\/es\/wp-json\/wp\/v2\/types\/page"}],"author":[{"embeddable":true,"href":"https:\/\/winmedia.fr\/es\/wp-json\/wp\/v2\/users\/1"}],"replies":[{"embeddable":true,"href":"https:\/\/winmedia.fr\/es\/wp-json\/wp\/v2\/comments?post=913593153"}],"version-history":[{"count":10,"href":"https:\/\/winmedia.fr\/es\/wp-json\/wp\/v2\/pages\/913593153\/revisions"}],"predecessor-version":[{"id":913594447,"href":"https:\/\/winmedia.fr\/es\/wp-json\/wp\/v2\/pages\/913593153\/revisions\/913594447"}],"wp:featuredmedia":[{"embeddable":true,"href":"https:\/\/winmedia.fr\/es\/wp-json\/wp\/v2\/media\/913593146"}],"wp:attachment":[{"href":"https:\/\/winmedia.fr\/es\/wp-json\/wp\/v2\/media?parent=913593153"}],"curies":[{"name":"wp","href":"https:\/\/api.w.org\/{rel}","templated":true}]}}