{"id":913593166,"date":"2025-10-13T20:44:29","date_gmt":"2025-10-13T20:44:29","guid":{"rendered":"https:\/\/winmedia.fr\/preguntas-frecuentes-y-manuales\/"},"modified":"2026-04-06T14:55:42","modified_gmt":"2026-04-06T14:55:42","slug":"preguntas-frecuentes-y-manuales","status":"publish","type":"page","link":"https:\/\/winmedia.fr\/es\/preguntas-frecuentes-y-manuales\/","title":{"rendered":"Preguntas frecuentes y manuales"},"content":{"rendered":"<div id='av-layout-grid-1'  class='av-layout-grid-container av-bl3p91025-f1756833d758ed41a4336ddd1f04e82a entry-content-wrapper main_color av-flex-cells  avia-builder-el-0  el_before_av_one_half  avia-builder-el-first   container_wrap fullsize'  >\n<div class='flex_cell av-9xm0alhu5-adfb079d36a438077fbb99973f527384 av-gridrow-cell av_one_third no_margin  avia-builder-el-1  el_before_av_cell_two_third  avia-builder-el-first '  ><div class='flex_cell_inner'><div class='flex_column_table av-mgm4v7xl-10fe4e214bacf30efc4659b57e035110 sc-av_one_full av-equal-height-column-flextable'>\n<style type=\"text\/css\" data-created_by=\"avia_inline_auto\" id=\"style-css-av-mgm4v7xl-10fe4e214bacf30efc4659b57e035110\">\n.flex_column.av-mgm4v7xl-10fe4e214bacf30efc4659b57e035110{\nborder-radius:0 0 15px 15px;\npadding:40px 15px 10px 15px;\nbackground-color:#437fc1;\n}\n<\/style>\n<div  class='flex_column av-mgm4v7xl-10fe4e214bacf30efc4659b57e035110 av_one_full  avia-builder-el-2  avia-builder-el-no-sibling  first flex_column_table_cell av-equal-height-column av-align-bottom  '     ><style type=\"text\/css\" data-created_by=\"avia_inline_auto\" id=\"style-css-av-mgm4nll5-ccc42a36d83edb130ddb4601afddebea\">\n#top .av-special-heading.av-mgm4nll5-ccc42a36d83edb130ddb4601afddebea{\npadding-bottom:13px;\n}\nbody .av-special-heading.av-mgm4nll5-ccc42a36d83edb130ddb4601afddebea .av-special-heading-tag .heading-char{\nfont-size:25px;\n}\n.av-special-heading.av-mgm4nll5-ccc42a36d83edb130ddb4601afddebea .av-subheading{\nfont-size:15px;\n}\n<\/style>\n<div  id=\"titrepage\"  class='av-special-heading av-mgm4nll5-ccc42a36d83edb130ddb4601afddebea av-special-heading-h1 blockquote modern-quote modern-centered  avia-builder-el-3  avia-builder-el-no-sibling '><h1 class='av-special-heading-tag '  itemprop=\"headline\"  >Preguntas frecuentes y manuales<\/h1><div class=\"special-heading-border\"><div class=\"special-heading-inner-border\"><\/div><\/div><\/div><\/div><\/div><!--close column table wrapper. Autoclose: 1 -->\n<\/div><\/div><div class='flex_cell av-50ws8bdl9-b32daff5847ebc6a64d7de2508e33906 av-gridrow-cell av_two_third no_margin  avia-builder-el-4  el_after_av_cell_one_third  avia-builder-el-last '  ><div class='flex_cell_inner'><div  class='flex_column av-1o1yw5muhb-94bcaec0d74493b49d43976935e4c7ed av_one_full  avia-builder-el-5  avia-builder-el-no-sibling  first flex_column_div  '     ><style type=\"text\/css\" data-created_by=\"avia_inline_auto\" id=\"style-css-av-mnn6x98e-47294bfa70a1c1702c1a3a0889d0fe38\">\n.avia-image-container.av-mnn6x98e-47294bfa70a1c1702c1a3a0889d0fe38 img.avia_image{\nbox-shadow:none;\n}\n.avia-image-container.av-mnn6x98e-47294bfa70a1c1702c1a3a0889d0fe38 .av-image-caption-overlay-center{\ncolor:#ffffff;\n}\n<\/style>\n<div  id=\"ronds\"  class='avia-image-container av-mnn6x98e-47294bfa70a1c1702c1a3a0889d0fe38 av-styling- avia-align-center  avia-builder-el-6  avia-builder-el-no-sibling '   itemprop=\"image\" itemscope=\"itemscope\" itemtype=\"https:\/\/schema.org\/ImageObject\" ><div class=\"avia-image-container-inner\"><div class=\"avia-image-overlay-wrap\"><img decoding=\"async\" fetchpriority=\"high\" class='wp-image-913594236 avia-img-lazy-loading-not-913594236 avia_image ' src=\"https:\/\/winmedia.fr\/wp-content\/uploads\/2026\/04\/faq-manual.jpg\" alt='' title='faq manual'  height=\"667\" width=\"1000\"  itemprop=\"thumbnailUrl\" srcset=\"https:\/\/winmedia.fr\/wp-content\/uploads\/2026\/04\/faq-manual.jpg 1000w, https:\/\/winmedia.fr\/wp-content\/uploads\/2026\/04\/faq-manual-300x200.jpg 300w, https:\/\/winmedia.fr\/wp-content\/uploads\/2026\/04\/faq-manual-768x512.jpg 768w, https:\/\/winmedia.fr\/wp-content\/uploads\/2026\/04\/faq-manual-705x470.jpg 705w, https:\/\/winmedia.fr\/wp-content\/uploads\/2026\/04\/faq-manual-24x16.jpg 24w\" sizes=\"(max-width: 1000px) 100vw, 1000px\" \/><\/div><\/div><\/div><\/div>\n<\/div><\/div>\n<\/div><div id='after_grid_row_1'  class='main_color av_default_container_wrap container_wrap fullsize'  ><div class='container av-section-cont-open' ><div class='template-page content  av-content-full alpha units'><div class='post-entry post-entry-type-page post-entry-913593166'><div class='entry-content-wrapper clearfix'>\n<div class='flex_column_table av-5glu6k3in-9dfe781c3b0de9da5baf9f7b70521084 sc-av_one_half av-equal-height-column-flextable'>\n<style type=\"text\/css\" data-created_by=\"avia_inline_auto\" id=\"style-css-av-5glu6k3in-9dfe781c3b0de9da5baf9f7b70521084\">\n.flex_column.av-5glu6k3in-9dfe781c3b0de9da5baf9f7b70521084{\nborder-radius:20px 20px 20px 20px;\npadding:30px 30px 30px 30px;\n}\n<\/style>\n<div  class='flex_column av-5glu6k3in-9dfe781c3b0de9da5baf9f7b70521084 av_one_half  avia-builder-el-7  el_after_av_layout_row  el_before_av_one_half  avia-builder-el-first  first flex_column_table_cell av-equal-height-column av-align-top  '     ><div  class='togglecontainer av-mgplx8ic-9738a64fd38fb33ec0abd5cfb87dc142  avia-builder-el-8  avia-builder-el-no-sibling  toggle_close_all' >\n<section class='av_toggle_section av-mgplu5yj-ee481af21ed53e9cf2916b6efc54659f'  itemscope=\"itemscope\" itemtype=\"https:\/\/schema.org\/CreativeWork\" ><div role=\"tablist\" class=\"single_toggle\" data-tags=\"{Todo} \"  ><p id='toggle-toggle-id-1' data-fake-id='#toggle-id-1' class='toggler  av-title-above '  itemprop=\"headline\"  role='tab' tabindex='0' aria-controls='toggle-id-1' data-slide-speed=\"200\" data-title=\"\u00bfWinMedia es compatible con otros idiomas adem\u00e1s del ingl\u00e9s?\" data-title-open=\"\" data-aria_collapsed=\"Click to expand: \u00bfWinMedia es compatible con otros idiomas adem\u00e1s del ingl\u00e9s?\" data-aria_expanded=\"Click to collapse: \u00bfWinMedia es compatible con otros idiomas adem\u00e1s del ingl\u00e9s?\">\u00bfWinMedia es compatible con otros idiomas adem\u00e1s del ingl\u00e9s?<span class=\"toggle_icon\"><span class=\"vert_icon\"><\/span><span class=\"hor_icon\"><\/span><\/span><\/p><div id='toggle-id-1' aria-labelledby='toggle-toggle-id-1' role='region' class='toggle_wrap  av-title-above'  ><div class='toggle_content invers-color '  itemprop=\"text\" ><div class=\"QmZWSe\">\n<div class=\"DHcWmd\">S\u00ed, WinMedia puede funcionar en 25 idiomas, incluidos \u00e1rabe, ruso, chino, japon\u00e9s, indio y tailand\u00e9s.<\/div>\n<\/div>\n<\/div><\/div><\/div><\/section>\n<section class='av_toggle_section av-mgplulvj-ea87af24e872b4b34320bc1367eb60ef'  itemscope=\"itemscope\" itemtype=\"https:\/\/schema.org\/CreativeWork\" ><div role=\"tablist\" class=\"single_toggle\" data-tags=\"{Todo} \"  ><p id='toggle-toggle-id-2' data-fake-id='#toggle-id-2' class='toggler  av-title-above '  itemprop=\"headline\"  role='tab' tabindex='0' aria-controls='toggle-id-2' data-slide-speed=\"200\" data-title=\"\u00bfEn qu\u00e9 sistemas operativos puede ejecutarse WinMedia?\" data-title-open=\"\" data-aria_collapsed=\"Click to expand: \u00bfEn qu\u00e9 sistemas operativos puede ejecutarse WinMedia?\" data-aria_expanded=\"Click to collapse: \u00bfEn qu\u00e9 sistemas operativos puede ejecutarse WinMedia?\">\u00bfEn qu\u00e9 sistemas operativos puede ejecutarse WinMedia?<span class=\"toggle_icon\"><span class=\"vert_icon\"><\/span><span class=\"hor_icon\"><\/span><\/span><\/p><div id='toggle-id-2' aria-labelledby='toggle-toggle-id-2' role='region' class='toggle_wrap  av-title-above'  ><div class='toggle_content invers-color '  itemprop=\"text\" ><p>Actualmente estamos utilizando Windows 10 y el a\u00f1o que viene lanzaremos la versi\u00f3n 20 con compatibilidad multiplataforma.<\/p>\n<\/div><\/div><\/div><\/section>\n<section class='av_toggle_section av-mgplv32i-0308a27462b5c404f553f5d8753aa643'  itemscope=\"itemscope\" itemtype=\"https:\/\/schema.org\/CreativeWork\" ><div role=\"tablist\" class=\"single_toggle\" data-tags=\"{Todo} \"  ><p id='toggle-toggle-id-3' data-fake-id='#toggle-id-3' class='toggler  av-title-above '  itemprop=\"headline\"  role='tab' tabindex='0' aria-controls='toggle-id-3' data-slide-speed=\"200\" data-title=\"\u00bfCu\u00e1nto tiempo tardar\u00e1 WinMedia en estar operativo en mi emisora?\" data-title-open=\"\" data-aria_collapsed=\"Click to expand: \u00bfCu\u00e1nto tiempo tardar\u00e1 WinMedia en estar operativo en mi emisora?\" data-aria_expanded=\"Click to collapse: \u00bfCu\u00e1nto tiempo tardar\u00e1 WinMedia en estar operativo en mi emisora?\">\u00bfCu\u00e1nto tiempo tardar\u00e1 WinMedia en estar operativo en mi emisora?<span class=\"toggle_icon\"><span class=\"vert_icon\"><\/span><span class=\"hor_icon\"><\/span><\/span><\/p><div id='toggle-id-3' aria-labelledby='toggle-toggle-id-3' role='region' class='toggle_wrap  av-title-above'  ><div class='toggle_content invers-color '  itemprop=\"text\" ><p>Nuestro equipo de especialistas en instalaci\u00f3n y formaci\u00f3n, dirigidos por uno de nuestros jefes de proyecto, trabajar\u00e1 con usted en cada paso y se encargar\u00e1 de que est\u00e9 listo para su fecha l\u00edmite.<\/p>\n<\/div><\/div><\/div><\/section>\n<section class='av_toggle_section av-mgplvpbl-bd9458b9d35440f407c4f57a3b5107a9'  itemscope=\"itemscope\" itemtype=\"https:\/\/schema.org\/CreativeWork\" ><div role=\"tablist\" class=\"single_toggle\" data-tags=\"{Todo} \"  ><p id='toggle-toggle-id-4' data-fake-id='#toggle-id-4' class='toggler  av-title-above '  itemprop=\"headline\"  role='tab' tabindex='0' aria-controls='toggle-id-4' data-slide-speed=\"200\" data-title=\"\u00bfNecesito un PC nuevo para ejecutar WinMedia?\" data-title-open=\"\" data-aria_collapsed=\"Click to expand: \u00bfNecesito un PC nuevo para ejecutar WinMedia?\" data-aria_expanded=\"Click to collapse: \u00bfNecesito un PC nuevo para ejecutar WinMedia?\">\u00bfNecesito un PC nuevo para ejecutar WinMedia?<span class=\"toggle_icon\"><span class=\"vert_icon\"><\/span><span class=\"hor_icon\"><\/span><\/span><\/p><div id='toggle-id-4' aria-labelledby='toggle-toggle-id-4' role='region' class='toggle_wrap  av-title-above'  ><div class='toggle_content invers-color '  itemprop=\"text\" ><p>La \u00faltima versi\u00f3n del software se basa en los sistemas operativos m\u00e1s recientes, por lo que necesitamos que sus ordenadores cumplan las especificaciones t\u00e9cnicas m\u00ednimas.<\/p>\n<\/div><\/div><\/div><\/section>\n<section class='av_toggle_section av-mgplwed7-ce22916832bc8ccf5112a4f7dd356980'  itemscope=\"itemscope\" itemtype=\"https:\/\/schema.org\/CreativeWork\" ><div role=\"tablist\" class=\"single_toggle\" data-tags=\"{Todo} \"  ><p id='toggle-toggle-id-5' data-fake-id='#toggle-id-5' class='toggler  av-title-above '  itemprop=\"headline\"  role='tab' tabindex='0' aria-controls='toggle-id-5' data-slide-speed=\"200\" data-title=\"\u00bfQu\u00e9 tarjetas de audio funcionan con WinMedia?\" data-title-open=\"\" data-aria_collapsed=\"Click to expand: \u00bfQu\u00e9 tarjetas de audio funcionan con WinMedia?\" data-aria_expanded=\"Click to collapse: \u00bfQu\u00e9 tarjetas de audio funcionan con WinMedia?\">\u00bfQu\u00e9 tarjetas de audio funcionan con WinMedia?<span class=\"toggle_icon\"><span class=\"vert_icon\"><\/span><span class=\"hor_icon\"><\/span><\/span><\/p><div id='toggle-id-5' aria-labelledby='toggle-toggle-id-5' role='region' class='toggle_wrap  av-title-above'  ><div class='toggle_content invers-color '  itemprop=\"text\" ><p>Cualquier dispositivo que aparezca en el sistema operativo podr\u00e1 utilizarse como tarjeta de audio en WinMedia. Si necesita varias salidas y entradas, le recomendamos la tarjeta Digigram o Audioscience. Si utiliza Audio Over IP, puede utilizar cualquier tecnolog\u00eda de transmisi\u00f3n, incluyendo Wheatstone, Axia, Dante, Ravena.<\/p>\n<\/div><\/div><\/div><\/section>\n<section class='av_toggle_section av-mgplyafy-052626758c3fecaaa9228128871ff267'  itemscope=\"itemscope\" itemtype=\"https:\/\/schema.org\/CreativeWork\" ><div role=\"tablist\" class=\"single_toggle\" data-tags=\"{Todo} \"  ><p id='toggle-toggle-id-6' data-fake-id='#toggle-id-6' class='toggler  av-title-above '  itemprop=\"headline\"  role='tab' tabindex='0' aria-controls='toggle-id-6' data-slide-speed=\"200\" data-title=\"\u00bfQu\u00e9 tarjetas de v\u00eddeo funcionan con WinMedia?\" data-title-open=\"\" data-aria_collapsed=\"Click to expand: \u00bfQu\u00e9 tarjetas de v\u00eddeo funcionan con WinMedia?\" data-aria_expanded=\"Click to collapse: \u00bfQu\u00e9 tarjetas de v\u00eddeo funcionan con WinMedia?\">\u00bfQu\u00e9 tarjetas de v\u00eddeo funcionan con WinMedia?<span class=\"toggle_icon\"><span class=\"vert_icon\"><\/span><span class=\"hor_icon\"><\/span><\/span><\/p><div id='toggle-id-6' aria-labelledby='toggle-toggle-id-6' role='region' class='toggle_wrap  av-title-above'  ><div class='toggle_content invers-color '  itemprop=\"text\" ><p>Para el v\u00eddeo, admitimos cualquier tarjeta Blackmagic y, para Video Over IP, NDI es el protocolo que recomendamos.<\/p>\n<\/div><\/div><\/div><\/section>\n<section class='av_toggle_section av-mgplx4g7-dac1f679be35b5163549b8c74c2c2c71'  itemscope=\"itemscope\" itemtype=\"https:\/\/schema.org\/CreativeWork\" ><div role=\"tablist\" class=\"single_toggle\" data-tags=\"{Todo} \"  ><p id='toggle-toggle-id-7' data-fake-id='#toggle-id-7' class='toggler  av-title-above '  itemprop=\"headline\"  role='tab' tabindex='0' aria-controls='toggle-id-7' data-slide-speed=\"200\" data-title=\"Dirijo una emisora de Internet, \u00bfes WinMedia una buena opci\u00f3n?\" data-title-open=\"\" data-aria_collapsed=\"Click to expand: Dirijo una emisora de Internet, \u00bfes WinMedia una buena opci\u00f3n?\" data-aria_expanded=\"Click to collapse: Dirijo una emisora de Internet, \u00bfes WinMedia una buena opci\u00f3n?\">Dirijo una emisora de Internet, \u00bfes WinMedia una buena opci\u00f3n?<span class=\"toggle_icon\"><span class=\"vert_icon\"><\/span><span class=\"hor_icon\"><\/span><\/span><\/p><div id='toggle-id-7' aria-labelledby='toggle-toggle-id-7' role='region' class='toggle_wrap  av-title-above'  ><div class='toggle_content invers-color '  itemprop=\"text\" ><p>WinMedia no necesita ning\u00fan dispositivo para reproducir directamente en RTMP o Transport Stream de v\u00eddeo, por lo que puede ejecutarse de forma independiente en un ordenador o en una m\u00e1quina virtual en la nube.<\/p>\n<\/div><\/div><\/div><\/section>\n<\/div><\/div>\n<div class='av-flex-placeholder'><\/div>\n<style type=\"text\/css\" data-created_by=\"avia_inline_auto\" id=\"style-css-av-5zruiksy0-2bca6711f758af5f8086e47c5634536f\">\n.flex_column.av-5zruiksy0-2bca6711f758af5f8086e47c5634536f{\nborder-radius:20px 20px 20px 20px;\npadding:30px 30px 30px 30px;\n}\n<\/style>\n<div  class='flex_column av-5zruiksy0-2bca6711f758af5f8086e47c5634536f av_one_half  avia-builder-el-9  el_after_av_one_half  el_before_av_one_full  flex_column_table_cell av-equal-height-column av-align-top  '     ><div  class='togglecontainer av-mgpm2j3a-629d0ace6d4f8ffdfe18b3517c84b51d  avia-builder-el-10  avia-builder-el-no-sibling  toggle_close_all' >\n<section class='av_toggle_section av-mgplzfhn-3ea3ff1c8aa85b957c16fe6d7a174567'  itemscope=\"itemscope\" itemtype=\"https:\/\/schema.org\/CreativeWork\" ><div role=\"tablist\" class=\"single_toggle\" data-tags=\"{Todo} \"  ><p id='toggle-toggle-id-8' data-fake-id='#toggle-id-8' class='toggler  av-title-above '  itemprop=\"headline\"  role='tab' tabindex='0' aria-controls='toggle-id-8' data-slide-speed=\"200\" data-title=\"\u00bfEs WinMedia personalizable?\" data-title-open=\"\" data-aria_collapsed=\"Click to expand: \u00bfEs WinMedia personalizable?\" data-aria_expanded=\"Click to collapse: \u00bfEs WinMedia personalizable?\">\u00bfEs WinMedia personalizable?<span class=\"toggle_icon\"><span class=\"vert_icon\"><\/span><span class=\"hor_icon\"><\/span><\/span><\/p><div id='toggle-id-8' aria-labelledby='toggle-toggle-id-8' role='region' class='toggle_wrap  av-title-above'  ><div class='toggle_content invers-color '  itemprop=\"text\" ><p>Todo el software puede dise\u00f1arse con los colores que desee, tiene temas claros y oscuros.<\/p>\n<\/div><\/div><\/div><\/section>\n<section class='av_toggle_section av-mgplztki-619c3a360f92b4bd3f4463588c0aa1d8'  itemscope=\"itemscope\" itemtype=\"https:\/\/schema.org\/CreativeWork\" ><div role=\"tablist\" class=\"single_toggle\" data-tags=\"{Todo} \"  ><p id='toggle-toggle-id-9' data-fake-id='#toggle-id-9' class='toggler  av-title-above '  itemprop=\"headline\"  role='tab' tabindex='0' aria-controls='toggle-id-9' data-slide-speed=\"200\" data-title=\"\u00bfQu\u00e9 soporte est\u00e1 disponible para WinMedia?\" data-title-open=\"\" data-aria_collapsed=\"Click to expand: \u00bfQu\u00e9 soporte est\u00e1 disponible para WinMedia?\" data-aria_expanded=\"Click to collapse: \u00bfQu\u00e9 soporte est\u00e1 disponible para WinMedia?\">\u00bfQu\u00e9 soporte est\u00e1 disponible para WinMedia?<span class=\"toggle_icon\"><span class=\"vert_icon\"><\/span><span class=\"hor_icon\"><\/span><\/span><\/p><div id='toggle-id-9' aria-labelledby='toggle-toggle-id-9' role='region' class='toggle_wrap  av-title-above'  ><div class='toggle_content invers-color '  itemprop=\"text\" ><p>Ofrecemos soporte 24 horas al d\u00eda, 7 d\u00edas a la semana, 365 d\u00edas al a\u00f1o, con 3 oficinas en todo el mundo.<\/p>\n<\/div><\/div><\/div><\/section>\n<section class='av_toggle_section av-mgpm06np-c2c8e4712d83a78094ee008c43e2e1db'  itemscope=\"itemscope\" itemtype=\"https:\/\/schema.org\/CreativeWork\" ><div role=\"tablist\" class=\"single_toggle\" data-tags=\"{Todo} \"  ><p id='toggle-toggle-id-10' data-fake-id='#toggle-id-10' class='toggler  av-title-above '  itemprop=\"headline\"  role='tab' tabindex='0' aria-controls='toggle-id-10' data-slide-speed=\"200\" data-title=\"\u00bfQu\u00e9 formatos de archivo son compatibles con WinMedia?\" data-title-open=\"\" data-aria_collapsed=\"Click to expand: \u00bfQu\u00e9 formatos de archivo son compatibles con WinMedia?\" data-aria_expanded=\"Click to collapse: \u00bfQu\u00e9 formatos de archivo son compatibles con WinMedia?\">\u00bfQu\u00e9 formatos de archivo son compatibles con WinMedia?<span class=\"toggle_icon\"><span class=\"vert_icon\"><\/span><span class=\"hor_icon\"><\/span><\/span><\/p><div id='toggle-id-10' aria-labelledby='toggle-toggle-id-10' role='region' class='toggle_wrap  av-title-above'  ><div class='toggle_content invers-color '  itemprop=\"text\" ><p>Admitimos cualquier tipo de archivo de audio o v\u00eddeo, y tambi\u00e9n tenemos la comprobaci\u00f3n de calidad del archivo cuando lo importa. El recorte y la normalizaci\u00f3n a escala completa o R128 est\u00e1n integrados.<\/p>\n<\/div><\/div><\/div><\/section>\n<section class='av_toggle_section av-mgpm0mp8-323903ca747f5846a769b4d117f9f808'  itemscope=\"itemscope\" itemtype=\"https:\/\/schema.org\/CreativeWork\" ><div role=\"tablist\" class=\"single_toggle\" data-tags=\"{Todo} \"  ><p id='toggle-toggle-id-11' data-fake-id='#toggle-id-11' class='toggler  av-title-above '  itemprop=\"headline\"  role='tab' tabindex='0' aria-controls='toggle-id-11' data-slide-speed=\"200\" data-title=\"\u00bfPuedo ejecutar varias emisoras de radio y televisi\u00f3n desde una \u00fanica base de datos de WinMedia?\" data-title-open=\"\" data-aria_collapsed=\"Click to expand: \u00bfPuedo ejecutar varias emisoras de radio y televisi\u00f3n desde una \u00fanica base de datos de WinMedia?\" data-aria_expanded=\"Click to collapse: \u00bfPuedo ejecutar varias emisoras de radio y televisi\u00f3n desde una \u00fanica base de datos de WinMedia?\">\u00bfPuedo ejecutar varias emisoras de radio y televisi\u00f3n desde una \u00fanica base de datos de WinMedia?<span class=\"toggle_icon\"><span class=\"vert_icon\"><\/span><span class=\"hor_icon\"><\/span><\/span><\/p><div id='toggle-id-11' aria-labelledby='toggle-toggle-id-11' role='region' class='toggle_wrap  av-title-above'  ><div class='toggle_content invers-color '  itemprop=\"text\" ><p>S\u00ed. WinMedia est\u00e1 dise\u00f1ado para tener tantas emisoras como desee; la gesti\u00f3n de usuarios, muy s\u00f3lida, le permite dar acceso a la lista de reproducci\u00f3n o al contenido dise\u00f1ado con lo que solo tienen que ver.<\/p>\n<\/div><\/div><\/div><\/section>\n<section class='av_toggle_section av-mgpm1a20-5a5124fdaa92f022eb6461c04f3ea90d'  itemscope=\"itemscope\" itemtype=\"https:\/\/schema.org\/CreativeWork\" ><div role=\"tablist\" class=\"single_toggle\" data-tags=\"{Todo} \"  ><p id='toggle-toggle-id-12' data-fake-id='#toggle-id-12' class='toggler  av-title-above '  itemprop=\"headline\"  role='tab' tabindex='0' aria-controls='toggle-id-12' data-slide-speed=\"200\" data-title=\"\u00bfPuedo ejecutar m\u00e1s de una estaci\u00f3n de trabajo con WinMedia?\" data-title-open=\"\" data-aria_collapsed=\"Click to expand: \u00bfPuedo ejecutar m\u00e1s de una estaci\u00f3n de trabajo con WinMedia?\" data-aria_expanded=\"Click to collapse: \u00bfPuedo ejecutar m\u00e1s de una estaci\u00f3n de trabajo con WinMedia?\">\u00bfPuedo ejecutar m\u00e1s de una estaci\u00f3n de trabajo con WinMedia?<span class=\"toggle_icon\"><span class=\"vert_icon\"><\/span><span class=\"hor_icon\"><\/span><\/span><\/p><div id='toggle-id-12' aria-labelledby='toggle-toggle-id-12' role='region' class='toggle_wrap  av-title-above'  ><div class='toggle_content invers-color '  itemprop=\"text\" ><p>S\u00ed, WinMedia est\u00e1 dise\u00f1ado para funcionar en redes peque\u00f1as y grandes; la forma en que construimos la base de datos es \u00fanica y le permite estar en Ethernet, Internet o ruta local.<\/p>\n<\/div><\/div><\/div><\/section>\n<section class='av_toggle_section av-mgpm1rol-d21930f34b3c4fb08a215d2e82cfc76c'  itemscope=\"itemscope\" itemtype=\"https:\/\/schema.org\/CreativeWork\" ><div role=\"tablist\" class=\"single_toggle\" data-tags=\"{Todo} \"  ><p id='toggle-toggle-id-13' data-fake-id='#toggle-id-13' class='toggler  av-title-above '  itemprop=\"headline\"  role='tab' tabindex='0' aria-controls='toggle-id-13' data-slide-speed=\"200\" data-title=\"\u00bfEs WinMedia flexible en cuanto al precio?\" data-title-open=\"\" data-aria_collapsed=\"Click to expand: \u00bfEs WinMedia flexible en cuanto al precio?\" data-aria_expanded=\"Click to collapse: \u00bfEs WinMedia flexible en cuanto al precio?\">\u00bfEs WinMedia flexible en cuanto al precio?<span class=\"toggle_icon\"><span class=\"vert_icon\"><\/span><span class=\"hor_icon\"><\/span><\/span><\/p><div id='toggle-id-13' aria-labelledby='toggle-toggle-id-13' role='region' class='toggle_wrap  av-title-above'  ><div class='toggle_content invers-color '  itemprop=\"text\" ><p>Tenemos una gran variedad de precios, basados en una licencia por ordenador, a partir de 30 USD al mes. Tambi\u00e9n ofrecemos la opci\u00f3n de compra en LBO.<\/p>\n<\/div><\/div><\/div><\/section>\n<section class='av_toggle_section av-mgpm283b-bd3dd698a3dfa3d906115d791e95da22'  itemscope=\"itemscope\" itemtype=\"https:\/\/schema.org\/CreativeWork\" ><div role=\"tablist\" class=\"single_toggle\" data-tags=\"{Todo} \"  ><p id='toggle-toggle-id-14' data-fake-id='#toggle-id-14' class='toggler  av-title-above '  itemprop=\"headline\"  role='tab' tabindex='0' aria-controls='toggle-id-14' data-slide-speed=\"200\" data-title=\"\u00bfNecesito otro software para ejecutar mi emisora?\" data-title-open=\"\" data-aria_collapsed=\"Click to expand: \u00bfNecesito otro software para ejecutar mi emisora?\" data-aria_expanded=\"Click to collapse: \u00bfNecesito otro software para ejecutar mi emisora?\">\u00bfNecesito otro software para ejecutar mi emisora?<span class=\"toggle_icon\"><span class=\"vert_icon\"><\/span><span class=\"hor_icon\"><\/span><\/span><\/p><div id='toggle-id-14' aria-labelledby='toggle-toggle-id-14' role='region' class='toggle_wrap  av-title-above'  ><div class='toggle_content invers-color '  itemprop=\"text\" ><p>La suite WinMedia es la suite de software m\u00e1s completa del mercado y cubre todas las necesidades de la emisora, desde la ingesta, la producci\u00f3n, la programaci\u00f3n, el tr\u00e1fico, la reproducci\u00f3n, el registro hasta la publicaci\u00f3n en Internet.<\/p>\n<\/div><\/div><\/div><\/section>\n<\/div><\/div><\/div><!--close column table wrapper. Autoclose: 1 -->\n\n<style type=\"text\/css\" data-created_by=\"avia_inline_auto\" id=\"style-css-av-mnn6zf3v-a19aadec20ef24c7925f9699c6f13c58\">\n.flex_column.av-mnn6zf3v-a19aadec20ef24c7925f9699c6f13c58{\nborder-width:1px;\nborder-color:#437fc1;\nborder-style:solid;\nborder-radius:30px 30px 30px 30px;\npadding:50px 50px 50px 50px;\n}\n<\/style>\n<div  class='flex_column av-mnn6zf3v-a19aadec20ef24c7925f9699c6f13c58 av_one_full  avia-builder-el-11  el_after_av_one_half  avia-builder-el-last  first flex_column_div  column-top-margin'     ><style type=\"text\/css\" data-created_by=\"avia_inline_auto\" id=\"style-css-av-mh7zo3ba-e98160fd281a249edbef783eb272566c\">\n#top .av_textblock_section.av-mh7zo3ba-e98160fd281a249edbef783eb272566c .avia_textblock{\ncolumn-count:2;\n}\n<\/style>\n<section  class='av_textblock_section av-mh7zo3ba-e98160fd281a249edbef783eb272566c '   itemscope=\"itemscope\" itemtype=\"https:\/\/schema.org\/CreativeWork\" ><div class='avia_textblock av_multi_colums'  itemprop=\"text\" ><p><strong>Manuales:<\/strong><br \/>\n Toda la documentaci\u00f3n de los productos WinMedia est\u00e1 ahora disponible en l\u00ednea, continuamente actualizada y accesible a todos los clientes con un contrato de mantenimiento activo.<\/p>\n<p>Recursos disponibles en https\/\/manuals.winmedia.support<\/p>\n<ul>\n<li>Manual en l\u00ednea de WinMedia<\/li>\n<li>Manual en l\u00ednea de WinMam<\/li>\n<li>Manual en l\u00ednea de WinNews<\/li>\n<li>Manual en l\u00ednea de WinSales<\/li>\n<li>Manual en l\u00ednea de WinCam<\/li>\n<li>Manual en l\u00ednea de WinAI<\/li>\n<\/ul>\n<p><strong>Si necesita acceso, p\u00f3ngase en contacto con support@winmedia.org<\/strong><\/p>\n<\/div><\/section><\/div>\n","protected":false},"excerpt":{"rendered":"","protected":false},"author":2,"featured_media":913594236,"parent":0,"menu_order":0,"comment_status":"closed","ping_status":"closed","template":"","meta":{"footnotes":""},"class_list":["post-913593166","page","type-page","status-publish","has-post-thumbnail","hentry"],"_links":{"self":[{"href":"https:\/\/winmedia.fr\/es\/wp-json\/wp\/v2\/pages\/913593166","targetHints":{"allow":["GET"]}}],"collection":[{"href":"https:\/\/winmedia.fr\/es\/wp-json\/wp\/v2\/pages"}],"about":[{"href":"https:\/\/winmedia.fr\/es\/wp-json\/wp\/v2\/types\/page"}],"author":[{"embeddable":true,"href":"https:\/\/winmedia.fr\/es\/wp-json\/wp\/v2\/users\/2"}],"replies":[{"embeddable":true,"href":"https:\/\/winmedia.fr\/es\/wp-json\/wp\/v2\/comments?post=913593166"}],"version-history":[{"count":10,"href":"https:\/\/winmedia.fr\/es\/wp-json\/wp\/v2\/pages\/913593166\/revisions"}],"predecessor-version":[{"id":913594281,"href":"https:\/\/winmedia.fr\/es\/wp-json\/wp\/v2\/pages\/913593166\/revisions\/913594281"}],"wp:featuredmedia":[{"embeddable":true,"href":"https:\/\/winmedia.fr\/es\/wp-json\/wp\/v2\/media\/913594236"}],"wp:attachment":[{"href":"https:\/\/winmedia.fr\/es\/wp-json\/wp\/v2\/media?parent=913593166"}],"curies":[{"name":"wp","href":"https:\/\/api.w.org\/{rel}","templated":true}]}}