{"id":913593264,"date":"2025-10-14T19:35:11","date_gmt":"2025-10-14T19:35:11","guid":{"rendered":"https:\/\/winmedia.fr\/socios\/"},"modified":"2026-04-06T15:06:03","modified_gmt":"2026-04-06T15:06:03","slug":"socios","status":"publish","type":"page","link":"https:\/\/winmedia.fr\/es\/socios\/","title":{"rendered":"Socios"},"content":{"rendered":"<div class='flex_column_table av-ltg5a19g-c34c796cd9b7facb93a55d19a2e7c75e sc-av_one_third av-equal-height-column-flextable'>\n<style type=\"text\/css\" data-created_by=\"avia_inline_auto\" id=\"style-css-av-ltg5a19g-c34c796cd9b7facb93a55d19a2e7c75e\">\n.flex_column.av-ltg5a19g-c34c796cd9b7facb93a55d19a2e7c75e{\nborder-radius:0 0 15px 15px;\npadding:40px 15px 10px 15px;\nbackground-color:#3ca4dc;\n}\n<\/style>\n<div  class='flex_column av-ltg5a19g-c34c796cd9b7facb93a55d19a2e7c75e av_one_third  avia-builder-el-0  el_before_av_two_third  avia-builder-el-first  first flex_column_table_cell av-equal-height-column av-align-bottom  '     ><style type=\"text\/css\" data-created_by=\"avia_inline_auto\" id=\"style-css-av-mgpma86j-6819fc57479f1abf787eee9972c73479\">\n#top .av-special-heading.av-mgpma86j-6819fc57479f1abf787eee9972c73479{\npadding-bottom:10px;\n}\nbody .av-special-heading.av-mgpma86j-6819fc57479f1abf787eee9972c73479 .av-special-heading-tag .heading-char{\nfont-size:25px;\n}\n.av-special-heading.av-mgpma86j-6819fc57479f1abf787eee9972c73479 .av-subheading{\nfont-size:15px;\n}\n<\/style>\n<div  class='av-special-heading av-mgpma86j-6819fc57479f1abf787eee9972c73479 av-special-heading-h1 blockquote modern-quote  avia-builder-el-1  avia-builder-el-no-sibling '><h1 class='av-special-heading-tag '  itemprop=\"headline\"  >Socios<\/h1><div class=\"special-heading-border\"><div class=\"special-heading-inner-border\"><\/div><\/div><\/div><\/div>\n<div class='av-flex-placeholder'><\/div><div  class='flex_column av-98fkp-d41ff23492dfeb61f8dc4ad4546e5e13 av_two_third  avia-builder-el-2  el_after_av_one_third  el_before_av_section  avia-builder-el-last  flex_column_table_cell av-equal-height-column av-align-bottom  '     ><\/div><\/div><!--close column table wrapper. Autoclose: 1 -->\n<\/div><\/div><\/div><!-- close content main div --><\/div><\/div><div id='supports'  class='avia-section av-6dwu1-18c55f4be2d554ea063488c35ff18332 main_color avia-section-default avia-no-border-styling  avia-builder-el-3  el_after_av_two_third  avia-builder-el-last  avia-bg-style-scroll container_wrap fullsize'  ><div class='container av-section-cont-open' ><div class='template-page content  av-content-full alpha units'><div class='post-entry post-entry-type-page post-entry-913593264'><div class='entry-content-wrapper clearfix'>\n\n<style type=\"text\/css\" data-created_by=\"avia_inline_auto\" id=\"style-css-av-5qbw9omms-99eb90103b6152e73f9b7f404db3da45\">\n.flex_column.av-5qbw9omms-99eb90103b6152e73f9b7f404db3da45{\npadding:30px 30px 30px 30px;\nbackground-color:#ffffff;\nbackground:linear-gradient( to top, #ffffff, #eeeeee );\n}\n<\/style>\n<div  class='flex_column av-5qbw9omms-99eb90103b6152e73f9b7f404db3da45 av_one_full  avia-builder-el-4  el_before_av_one_full  avia-builder-el-first  first flex_column_div  '     ><p>\n<style type=\"text\/css\" data-created_by=\"avia_inline_auto\" id=\"style-css-av-mgpmj2is-180395bcf69a454ac5afe88c504e4bea\">\n#top .av-special-heading.av-mgpmj2is-180395bcf69a454ac5afe88c504e4bea{\npadding-bottom:10px;\n}\nbody .av-special-heading.av-mgpmj2is-180395bcf69a454ac5afe88c504e4bea .av-special-heading-tag .heading-char{\nfont-size:25px;\n}\n.av-special-heading.av-mgpmj2is-180395bcf69a454ac5afe88c504e4bea .av-subheading{\nfont-size:15px;\n}\n<\/style>\n<div  class='av-special-heading av-mgpmj2is-180395bcf69a454ac5afe88c504e4bea av-special-heading-h2  avia-builder-el-5  el_before_av_textblock  avia-builder-el-first '><h2 class='av-special-heading-tag '  itemprop=\"headline\"  >Socios tecnol\u00f3gicos de winMedia<\/h2><div class=\"special-heading-border\"><div class=\"special-heading-inner-border\"><\/div><\/div><\/div><br \/>\n<section  class='av_textblock_section av-mgpmjdub-c48d7bda1e021b7637006f6a3817b4b9 '   itemscope=\"itemscope\" itemtype=\"https:\/\/schema.org\/CreativeWork\" ><div class='avia_textblock'  itemprop=\"text\" ><p>Como empresa con visi\u00f3n de futuro, winMedia se asegura de que sus productos se integren a la perfecci\u00f3n con los est\u00e1ndares, dispositivos y sistemas comunes del sector. winMedia mantiene una pol\u00edtica de arquitectura abierta y trabaja con socios tecnol\u00f3gicos s\u00f3lidos para ofrecer soluciones preparadas para el futuro.<\/p>\n<\/div><\/section><\/p><\/div>\n<style type=\"text\/css\" data-created_by=\"avia_inline_auto\" id=\"style-css-av-p4i8bf6c-85385d855aa54a405e44cf7acae0eb01\">\n.flex_column.av-p4i8bf6c-85385d855aa54a405e44cf7acae0eb01{\npadding:30px 30px 30px 30px;\n}\n<\/style>\n<div  class='flex_column av-p4i8bf6c-85385d855aa54a405e44cf7acae0eb01 av_one_full  avia-builder-el-7  el_after_av_one_full  avia-builder-el-last  first flex_column_div  column-top-margin'     ><p>\n<style type=\"text\/css\" data-created_by=\"avia_inline_auto\" id=\"style-css-av-mgqudf0d-cb24a76897a7640bb601c3fa2231f403\">\n.avia-image-container.av-mgqudf0d-cb24a76897a7640bb601c3fa2231f403 img.avia_image{\nbox-shadow:none;\n}\n.avia-image-container.av-mgqudf0d-cb24a76897a7640bb601c3fa2231f403 .av-image-caption-overlay-center{\ncolor:#ffffff;\n}\n<\/style>\n<div  class='avia-image-container av-mgqudf0d-cb24a76897a7640bb601c3fa2231f403 av-styling- avia-align-center  avia-builder-el-8  el_before_av_image  avia-builder-el-first '   itemprop=\"image\" itemscope=\"itemscope\" itemtype=\"https:\/\/schema.org\/ImageObject\" ><div class=\"avia-image-container-inner\"><div class=\"avia-image-overlay-wrap\"><img decoding=\"async\" fetchpriority=\"high\" class='wp-image-913593176 avia-img-lazy-loading-not-913593176 avia_image ' src=\"https:\/\/winmedia.fr\/wp-content\/uploads\/2025\/10\/WIMEDIA-TECH-PARTNERS.png\" alt='' title='SOCIOS TECNOL\u00d3GICOS DE WIMEDIA'  height=\"567\" width=\"1182\"  itemprop=\"thumbnailUrl\" srcset=\"https:\/\/winmedia.fr\/wp-content\/uploads\/2025\/10\/WIMEDIA-TECH-PARTNERS.png 1182w, https:\/\/winmedia.fr\/wp-content\/uploads\/2025\/10\/WIMEDIA-TECH-PARTNERS-300x144.png 300w, https:\/\/winmedia.fr\/wp-content\/uploads\/2025\/10\/WIMEDIA-TECH-PARTNERS-1030x494.png 1030w, https:\/\/winmedia.fr\/wp-content\/uploads\/2025\/10\/WIMEDIA-TECH-PARTNERS-768x368.png 768w, https:\/\/winmedia.fr\/wp-content\/uploads\/2025\/10\/WIMEDIA-TECH-PARTNERS-705x338.png 705w, https:\/\/winmedia.fr\/wp-content\/uploads\/2025\/10\/WIMEDIA-TECH-PARTNERS-24x12.png 24w\" sizes=\"(max-width: 1182px) 100vw, 1182px\" \/><\/div><\/div><\/div><br \/>\n\n<style type=\"text\/css\" data-created_by=\"avia_inline_auto\" id=\"style-css-av-mnn73om2-284e66a0fad5fbd81beabdc637ce16ab\">\n.avia-image-container.av-mnn73om2-284e66a0fad5fbd81beabdc637ce16ab img.avia_image{\nbox-shadow:none;\n}\n.avia-image-container.av-mnn73om2-284e66a0fad5fbd81beabdc637ce16ab .av-image-caption-overlay-center{\ncolor:#ffffff;\n}\n<\/style>\n<div  class='avia-image-container av-mnn73om2-284e66a0fad5fbd81beabdc637ce16ab av-styling- avia-align-center  avia-builder-el-9  el_after_av_image  avia-builder-el-last '   itemprop=\"image\" itemscope=\"itemscope\" itemtype=\"https:\/\/schema.org\/ImageObject\" ><div class=\"avia-image-container-inner\"><div class=\"avia-image-overlay-wrap\"><img decoding=\"async\" fetchpriority=\"high\" class='wp-image-913594210 avia-img-lazy-loading-not-913594210 avia_image ' src=\"https:\/\/winmedia.fr\/wp-content\/uploads\/2026\/04\/partners.jpg\" alt='' title='partners'  height=\"569\" width=\"1000\"  itemprop=\"thumbnailUrl\" srcset=\"https:\/\/winmedia.fr\/wp-content\/uploads\/2026\/04\/partners.jpg 1000w, https:\/\/winmedia.fr\/wp-content\/uploads\/2026\/04\/partners-300x171.jpg 300w, https:\/\/winmedia.fr\/wp-content\/uploads\/2026\/04\/partners-768x437.jpg 768w, https:\/\/winmedia.fr\/wp-content\/uploads\/2026\/04\/partners-705x401.jpg 705w, https:\/\/winmedia.fr\/wp-content\/uploads\/2026\/04\/partners-24x14.jpg 24w\" sizes=\"(max-width: 1000px) 100vw, 1000px\" \/><\/div><\/div><\/div><\/p><\/div>\n","protected":false},"excerpt":{"rendered":"","protected":false},"author":2,"featured_media":913594210,"parent":0,"menu_order":0,"comment_status":"closed","ping_status":"closed","template":"","meta":{"footnotes":""},"class_list":["post-913593264","page","type-page","status-publish","has-post-thumbnail","hentry"],"_links":{"self":[{"href":"https:\/\/winmedia.fr\/es\/wp-json\/wp\/v2\/pages\/913593264","targetHints":{"allow":["GET"]}}],"collection":[{"href":"https:\/\/winmedia.fr\/es\/wp-json\/wp\/v2\/pages"}],"about":[{"href":"https:\/\/winmedia.fr\/es\/wp-json\/wp\/v2\/types\/page"}],"author":[{"embeddable":true,"href":"https:\/\/winmedia.fr\/es\/wp-json\/wp\/v2\/users\/2"}],"replies":[{"embeddable":true,"href":"https:\/\/winmedia.fr\/es\/wp-json\/wp\/v2\/comments?post=913593264"}],"version-history":[{"count":8,"href":"https:\/\/winmedia.fr\/es\/wp-json\/wp\/v2\/pages\/913593264\/revisions"}],"predecessor-version":[{"id":913594356,"href":"https:\/\/winmedia.fr\/es\/wp-json\/wp\/v2\/pages\/913593264\/revisions\/913594356"}],"wp:featuredmedia":[{"embeddable":true,"href":"https:\/\/winmedia.fr\/es\/wp-json\/wp\/v2\/media\/913594210"}],"wp:attachment":[{"href":"https:\/\/winmedia.fr\/es\/wp-json\/wp\/v2\/media?parent=913593264"}],"curies":[{"name":"wp","href":"https:\/\/api.w.org\/{rel}","templated":true}]}}