{"id":913593317,"date":"2025-10-12T18:08:49","date_gmt":"2025-10-12T18:08:49","guid":{"rendered":"https:\/\/winmedia.fr\/winlogger\/"},"modified":"2026-04-06T15:08:20","modified_gmt":"2026-04-06T15:08:20","slug":"winlogger","status":"publish","type":"page","link":"https:\/\/winmedia.fr\/es\/winlogger\/","title":{"rendered":"winLogger"},"content":{"rendered":"<div id='av-layout-grid-1'  class='av-layout-grid-container av-e5ad03y1o-55369d09bcafe2c5d40765eb073e1e94 entry-content-wrapper main_color av-flex-cells  avia-builder-el-0  el_before_av_section  avia-builder-el-first   container_wrap fullsize'  >\n<div class='flex_cell av-98m20kroc-f74709fb84c6340a0df0f0e8e2bd4a7e av-gridrow-cell av_one_third no_margin  avia-builder-el-1  el_before_av_cell_two_third  avia-builder-el-first '  ><div class='flex_cell_inner'><p>\n<style type=\"text\/css\" data-created_by=\"avia_inline_auto\" id=\"style-css-av-ltg5a19g-58ec2835f2894e0ff4fcf8317a8eb620\">\n.flex_column.av-ltg5a19g-58ec2835f2894e0ff4fcf8317a8eb620{\nborder-radius:0 0 15px 15px;\npadding:40px 15px 10px 15px;\nbackground-color:#f15966;\n}\n<\/style>\n<div  class='flex_column av-ltg5a19g-58ec2835f2894e0ff4fcf8317a8eb620 av_one_full  avia-builder-el-2  el_before_av_one_full  avia-builder-el-first  first flex_column_div  '     ><style type=\"text\/css\" data-created_by=\"avia_inline_auto\" id=\"style-css-av-mgkulc86-8981587c868294da22bd8a8e87d4ac69\">\n.avia-image-container.av-mgkulc86-8981587c868294da22bd8a8e87d4ac69 img.avia_image{\nbox-shadow:none;\n}\n.avia-image-container.av-mgkulc86-8981587c868294da22bd8a8e87d4ac69 .av-image-caption-overlay-center{\ncolor:#ffffff;\n}\n<\/style>\n<div  class='avia-image-container av-mgkulc86-8981587c868294da22bd8a8e87d4ac69 av-styling- avia-align-center  avia-builder-el-3  avia-builder-el-no-sibling '   itemprop=\"image\" itemscope=\"itemscope\" itemtype=\"https:\/\/schema.org\/ImageObject\" ><div class=\"avia-image-container-inner\"><div class=\"avia-image-overlay-wrap\"><img decoding=\"async\" fetchpriority=\"high\" class='wp-image-913593313 avia-img-lazy-loading-not-913593313 avia_image ' src=\"https:\/\/winmedia.fr\/wp-content\/uploads\/2025\/10\/logo-winlogger-300x90.png\" alt='' title='logotipo winlogger'  height=\"90\" width=\"300\"  itemprop=\"thumbnailUrl\" srcset=\"https:\/\/winmedia.fr\/wp-content\/uploads\/2025\/10\/logo-winlogger-300x90.png 300w, https:\/\/winmedia.fr\/wp-content\/uploads\/2025\/10\/logo-winlogger-495x150.png 495w, https:\/\/winmedia.fr\/wp-content\/uploads\/2025\/10\/logo-winlogger.png 500w\" sizes=\"(max-width: 300px) 100vw, 300px\" \/><\/div><\/div><\/div><\/div><div  class='flex_column av-1r7v5-c67c2967040ab1f081e6502e65717798 av_one_full  avia-builder-el-4  el_after_av_one_full  avia-builder-el-last  first flex_column_div  column-top-margin'     ><style type=\"text\/css\" data-created_by=\"avia_inline_auto\" id=\"style-css-av-31yx-20460f4372397ff24595589e9e347437\">\n#top .av-special-heading.av-31yx-20460f4372397ff24595589e9e347437{\npadding-bottom:13px;\n}\nbody .av-special-heading.av-31yx-20460f4372397ff24595589e9e347437 .av-special-heading-tag .heading-char{\nfont-size:25px;\n}\n.av-special-heading.av-31yx-20460f4372397ff24595589e9e347437 .av-subheading{\nfont-size:15px;\n}\n<\/style>\n<div  id=\"titrepage\"  class='av-special-heading av-31yx-20460f4372397ff24595589e9e347437 av-special-heading-h3 blockquote modern-quote modern-right  avia-builder-el-5  avia-builder-el-no-sibling '><h3 class='av-special-heading-tag '  itemprop=\"headline\"  >HERRAMIENTAS DE REGISTRO DE AUDIO Y V\u00cdDEO <\/h3><div class=\"special-heading-border\"><div class=\"special-heading-inner-border\"><\/div><\/div><\/div><\/div><\/p>\n<\/div><\/div><div class='flex_cell av-57oq007q4-41219f8dcbc18d0d27e87ddddbb1637f av-gridrow-cell av_two_third no_margin  avia-builder-el-6  el_after_av_cell_one_third  avia-builder-el-last '  ><div class='flex_cell_inner'><div  class='flex_column av-6sut0c36k-3d47d8c8635363e7509c43fc51d67453 av_one_full  avia-builder-el-7  avia-builder-el-no-sibling  first flex_column_div  '     ><style type=\"text\/css\" data-created_by=\"avia_inline_auto\" id=\"style-css-av-mhi8vh2o-d56967c87558c3bcdb3e71609b9464df\">\n.avia-video.av-mhi8vh2o-d56967c87558c3bcdb3e71609b9464df{\nbackground-image:url(https:\/\/winmedia.fr\/wp-content\/uploads\/2025\/11\/IMG_1870-300x162.png);\n}\n<\/style>\n<div  class='avia-video av-mhi8vh2o-d56967c87558c3bcdb3e71609b9464df avia-video-16-9 av-html5-fullscreen-btn av-preview-image avia-video-load-always av-lazyload-immediate av-lazyload-video-embed'  itemprop=\"video\" itemtype=\"https:\/\/schema.org\/VideoObject\"  data-original_url='https:\/\/youtu.be\/XVY-0oVqofU?si=NMQboovbvbhHvq1q'><script type='text\/html' class='av-video-tmpl'><div class='avia-iframe-wrap'><iframe loading=\"lazy\" title=\"Winlogger 5.0 Presentation EN\" width=\"1500\" height=\"844\" src=\"https:\/\/www.youtube.com\/embed\/XVY-0oVqofU?feature=oembed&autoplay=0&loop=0&controls=0&mute=0\" frameborder=\"0\" allow=\"accelerometer; autoplay; clipboard-write; encrypted-media; gyroscope; picture-in-picture; web-share\" referrerpolicy=\"strict-origin-when-cross-origin\" allowfullscreen><\/iframe><\/div><\/script><div class='av-click-to-play-overlay'><div class=\"avia_playpause_icon\"><\/div><\/div><\/div><\/div>\n<\/div><\/div>\n<\/div>\n<div id='winlogger'  class='avia-section av-mglamdlb-516fc48869eabaafc5ad7f3651adbb91 main_color avia-section-default avia-no-border-styling  avia-builder-el-9  el_after_av_layout_row  el_before_av_section  avia-bg-style-scroll container_wrap fullsize'  ><div class='container av-section-cont-open' ><div class='template-page content  av-content-full alpha units'><div class='post-entry post-entry-type-page post-entry-913593317'><div class='entry-content-wrapper clearfix'>\n\n<style type=\"text\/css\" data-created_by=\"avia_inline_auto\" id=\"style-css-av-2qxcx-b6f55994795484e9b49fd7dc4492cab7\">\n.flex_column.av-2qxcx-b6f55994795484e9b49fd7dc4492cab7{\nborder-radius:30px 30px 30px 30px;\npadding:15px 30px 15px 30px;\nbackground-color:#5e5e5e;\n}\n<\/style>\n<div  class='flex_column av-2qxcx-b6f55994795484e9b49fd7dc4492cab7 av_three_fifth  avia-builder-el-10  el_before_av_two_fifth  avia-builder-el-first  first flex_column_div  '     ><style type=\"text\/css\" data-created_by=\"avia_inline_auto\" id=\"style-css-av-ltys6qjy-7ce949222316e5da6912a56e579701dc\">\n#top .av_textblock_section.av-ltys6qjy-7ce949222316e5da6912a56e579701dc .avia_textblock{\ncolor:#ffffff;\n}\n<\/style>\n<section  class='av_textblock_section av-ltys6qjy-7ce949222316e5da6912a56e579701dc '   itemscope=\"itemscope\" itemtype=\"https:\/\/schema.org\/CreativeWork\" ><div class='avia_textblock av_inherit_color'  itemprop=\"text\" ><p><img decoding=\"async\" class=\"alignnone size-full wp-image-913592606\" src=\"https:\/\/winmedia.fr\/wp-content\/uploads\/2025\/10\/intro-winMogger.png\" alt=\"\" width=\"103\" height=\"76\">Introducci\u00f3n<\/p>\n<p>Sometidos a exigencias normativas y necesitando supervisar y revisar su propia actividad, pero tambi\u00e9n comprobando lo que emiten los competidores, todos los operadores de radio o televisi\u00f3n necesitan constantemente poder grabar y registrar contenidos de diversas fuentes.<br \/>\nwinMedia Logger es la herramienta adecuada para hacer todo lo anterior e incluso mucho m\u00e1s.<\/p>\n<\/div><\/section><\/div><div  class='flex_column av-20vbh-b517d4a5f99e39e9226f519c5fe2acea av_two_fifth  avia-builder-el-12  el_after_av_three_fifth  avia-builder-el-last  flex_column_div  '     ><style type=\"text\/css\" data-created_by=\"avia_inline_auto\" id=\"style-css-av-mgkuauel-b0f71e4f921d4e740b4ad9eebc0c6100\">\n.avia-image-container.av-mgkuauel-b0f71e4f921d4e740b4ad9eebc0c6100 img.avia_image{\nbox-shadow:none;\n}\n.avia-image-container.av-mgkuauel-b0f71e4f921d4e740b4ad9eebc0c6100 .av-image-caption-overlay-center{\ncolor:#ffffff;\n}\n<\/style>\n<div  id=\"ronds\"  class='avia-image-container av-mgkuauel-b0f71e4f921d4e740b4ad9eebc0c6100 av-styling- avia-align-center  avia-builder-el-13  avia-builder-el-no-sibling '   itemprop=\"image\" itemscope=\"itemscope\" itemtype=\"https:\/\/schema.org\/ImageObject\" ><div class=\"avia-image-container-inner\"><div class=\"avia-image-overlay-wrap\"><img decoding=\"async\" fetchpriority=\"high\" class='wp-image-913593314 avia-img-lazy-loading-not-913593314 avia_image ' src=\"https:\/\/winmedia.fr\/wp-content\/uploads\/2025\/10\/winLogger-introduction.jpg\" alt='' title='Introducci\u00f3n a winLogger'  height=\"562\" width=\"1000\"  itemprop=\"thumbnailUrl\" srcset=\"https:\/\/winmedia.fr\/wp-content\/uploads\/2025\/10\/winLogger-introduction.jpg 1000w, https:\/\/winmedia.fr\/wp-content\/uploads\/2025\/10\/winLogger-introduction-300x169.jpg 300w, https:\/\/winmedia.fr\/wp-content\/uploads\/2025\/10\/winLogger-introduction-768x432.jpg 768w, https:\/\/winmedia.fr\/wp-content\/uploads\/2025\/10\/winLogger-introduction-705x396.jpg 705w\" sizes=\"(max-width: 1000px) 100vw, 1000px\" \/><\/div><\/div><\/div><\/div><\/div><\/div><\/div><!-- close content main div --><\/div><\/div><div id='winnews'  class='avia-section av-ltyrjr0c-8ee28aaaec6433335d85f7584b9ec9e1 main_color avia-section-default avia-no-border-styling  avia-builder-el-14  el_after_av_section  el_before_av_section  avia-bg-style-scroll container_wrap fullsize'  ><div class='container av-section-cont-open' ><div class='template-page content  av-content-full alpha units'><div class='post-entry post-entry-type-page post-entry-913593317'><div class='entry-content-wrapper clearfix'>\n\n<style type=\"text\/css\" data-created_by=\"avia_inline_auto\" id=\"style-css-av-251h1-92c0d3cc04c754ce498baba63681b956\">\n.flex_column.av-251h1-92c0d3cc04c754ce498baba63681b956{\nborder-radius:30px 30px 30px 30px;\npadding:30px 30px 30px 30px;\nbackground-color:#f7f7f7;\nbackground:linear-gradient( to top, #f7f7f7, #eeeeee );\n}\n<\/style>\n<div  class='flex_column av-251h1-92c0d3cc04c754ce498baba63681b956 av_one_full  avia-builder-el-15  el_before_av_one_full  avia-builder-el-first  first flex_column_div  '     ><p>\n<style type=\"text\/css\" data-created_by=\"avia_inline_auto\" id=\"style-css-av-ltg73ao4-57d8c47437bc812c80a07887650e24cb\">\n#top .av-special-heading.av-ltg73ao4-57d8c47437bc812c80a07887650e24cb{\npadding-bottom:10px;\n}\nbody .av-special-heading.av-ltg73ao4-57d8c47437bc812c80a07887650e24cb .av-special-heading-tag .heading-char{\nfont-size:25px;\n}\n.av-special-heading.av-ltg73ao4-57d8c47437bc812c80a07887650e24cb .av-subheading{\nfont-size:15px;\n}\n<\/style>\n<div  id=\"winlogger\"  class='av-special-heading av-ltg73ao4-57d8c47437bc812c80a07887650e24cb av-special-heading-h2  avia-builder-el-16  el_before_av_textblock  avia-builder-el-first '><h2 class='av-special-heading-tag '  itemprop=\"headline\"  >Registro<\/h2><div class=\"special-heading-border\"><div class=\"special-heading-inner-border\"><\/div><\/div><\/div><br \/>\n<section  class='av_textblock_section av-ltg6vwrc-0e1f71a808835d1d55f9d1ea04e29aa1 '   itemscope=\"itemscope\" itemtype=\"https:\/\/schema.org\/CreativeWork\" ><div class='avia_textblock'  itemprop=\"text\" ><p>winMedia Logger est\u00e1 dise\u00f1ado para automatizar grabaciones de audio y v\u00eddeo de m\u00faltiples canales. Incluye m\u00faltiples funciones, como la supervisi\u00f3n de niveles y la segmentaci\u00f3n autom\u00e1tica de archivos grabados por programa, lo que facilita el archivo y la entrega de contenidos. winLogger permite grabaciones de calidad de emisi\u00f3n a calidad inferior de hasta 32 canales de audio y 4 de v\u00eddeo desde una sola estaci\u00f3n de trabajo.<\/p>\n<\/div><\/section><br \/>\n\n<style type=\"text\/css\" data-created_by=\"avia_inline_auto\" id=\"style-css-av-tf9x-ec4af7e428aecc5e918eaa0c43c1e521\">\n.avia-image-container.av-tf9x-ec4af7e428aecc5e918eaa0c43c1e521 img.avia_image{\nbox-shadow:none;\n}\n.avia-image-container.av-tf9x-ec4af7e428aecc5e918eaa0c43c1e521 .av-image-caption-overlay-center{\ncolor:#ffffff;\n}\n<\/style>\n<div  id=\"ronds\"  class='avia-image-container av-tf9x-ec4af7e428aecc5e918eaa0c43c1e521 av-styling- avia-align-center  avia-builder-el-18  el_after_av_textblock  el_before_av_textblock '   itemprop=\"image\" itemscope=\"itemscope\" itemtype=\"https:\/\/schema.org\/ImageObject\" ><div class=\"avia-image-container-inner\"><div class=\"avia-image-overlay-wrap\"><img decoding=\"async\" fetchpriority=\"high\" class='wp-image-913593315 avia-img-lazy-loading-not-913593315 avia_image ' src=\"https:\/\/winmedia.fr\/wp-content\/uploads\/2025\/10\/winLogger-Pige-Radio.jpg\" alt='' title='winLogger pige radio'  height=\"849\" width=\"1000\"  itemprop=\"thumbnailUrl\" srcset=\"https:\/\/winmedia.fr\/wp-content\/uploads\/2025\/10\/winLogger-Pige-Radio.jpg 1000w, https:\/\/winmedia.fr\/wp-content\/uploads\/2025\/10\/winLogger-Pige-Radio-300x255.jpg 300w, https:\/\/winmedia.fr\/wp-content\/uploads\/2025\/10\/winLogger-Pige-Radio-768x652.jpg 768w, https:\/\/winmedia.fr\/wp-content\/uploads\/2025\/10\/winLogger-Pige-Radio-705x599.jpg 705w\" sizes=\"(max-width: 1000px) 100vw, 1000px\" \/><\/div><\/div><\/div><br \/>\n<section  class='av_textblock_section av-ltyroho1-98052f25796a24b7174ca97eb7488d7f '   itemscope=\"itemscope\" itemtype=\"https:\/\/schema.org\/CreativeWork\" ><div class='avia_textblock'  itemprop=\"text\" ><h6>Radio<\/h6>\n<\/div><\/section><br \/>\n\n<style type=\"text\/css\" data-created_by=\"avia_inline_auto\" id=\"style-css-av-1lssx-d15184ce85ca325d47df73decca01dc1\">\n#top .av-special-heading.av-1lssx-d15184ce85ca325d47df73decca01dc1{\npadding-bottom:10px;\n}\nbody .av-special-heading.av-1lssx-d15184ce85ca325d47df73decca01dc1 .av-special-heading-tag .heading-char{\nfont-size:25px;\n}\n.av-special-heading.av-1lssx-d15184ce85ca325d47df73decca01dc1 .av-subheading{\nfont-size:15px;\n}\n<\/style>\n<div  id=\"winlogger\"  class='av-special-heading av-1lssx-d15184ce85ca325d47df73decca01dc1 av-special-heading-h2  avia-builder-el-20  el_after_av_textblock  el_before_av_textblock '><h2 class='av-special-heading-tag '  itemprop=\"headline\"  >Hasta 32 emisoras de radio<br \/>grabadas simult\u00e1neamente<\/h2><div class=\"special-heading-border\"><div class=\"special-heading-inner-border\"><\/div><\/div><\/div><br \/>\n<section  class='av_textblock_section av-u579-edf66863ccc3ef30748362c066f892fc '   itemscope=\"itemscope\" itemtype=\"https:\/\/schema.org\/CreativeWork\" ><div class='avia_textblock'  itemprop=\"text\" ><p>Grabe con SONIFEX y AUDIOSCIENCE, sintonizador de 6 a 32 emisoras de radio con:<\/p>\n<ul>\n<li>Estampado de tiempo y nomenclatura autom\u00e1ticos<\/li>\n<li>Audio mp3, AAC, AC3, desde 64 Kb\/s hasta grabaciones de 320 Mb\/s<\/li>\n<\/ul>\n<\/div><\/section><\/p><\/div>\n<style type=\"text\/css\" data-created_by=\"avia_inline_auto\" id=\"style-css-av-5o0quygpo-4579d0bf57b8cd40ec9a2896c564f7e9\">\n.flex_column.av-5o0quygpo-4579d0bf57b8cd40ec9a2896c564f7e9{\nborder-radius:30px 30px 30px 30px;\npadding:30px 30px 30px 30px;\nbackground-color:#f7f7f7;\nbackground:linear-gradient( to top, #f7f7f7, #eeeeee );\n}\n<\/style>\n<div  class='flex_column av-5o0quygpo-4579d0bf57b8cd40ec9a2896c564f7e9 av_one_full  avia-builder-el-22  el_after_av_one_full  avia-builder-el-last  first flex_column_div  column-top-margin'     ><p>\n<style type=\"text\/css\" data-created_by=\"avia_inline_auto\" id=\"style-css-av-mgjv45o8-d951e688e7e14c39223060675355124e\">\n#top .av-special-heading.av-mgjv45o8-d951e688e7e14c39223060675355124e{\npadding-bottom:10px;\n}\nbody .av-special-heading.av-mgjv45o8-d951e688e7e14c39223060675355124e .av-special-heading-tag .heading-char{\nfont-size:25px;\n}\n.av-special-heading.av-mgjv45o8-d951e688e7e14c39223060675355124e .av-subheading{\nfont-size:15px;\n}\n<\/style>\n<div  id=\"winlogger\"  class='av-special-heading av-mgjv45o8-d951e688e7e14c39223060675355124e av-special-heading-h2  avia-builder-el-23  el_before_av_image  avia-builder-el-first '><h2 class='av-special-heading-tag '  itemprop=\"headline\"  >Hasta 8 TV<\/h2><div class=\"special-heading-border\"><div class=\"special-heading-inner-border\"><\/div><\/div><\/div><br \/>\n\n<style type=\"text\/css\" data-created_by=\"avia_inline_auto\" id=\"style-css-av-2mjn5-bb83faa812f017ee108b52291acf442c\">\n.avia-image-container.av-2mjn5-bb83faa812f017ee108b52291acf442c img.avia_image{\nbox-shadow:none;\n}\n.avia-image-container.av-2mjn5-bb83faa812f017ee108b52291acf442c .av-image-caption-overlay-center{\ncolor:#ffffff;\n}\n<\/style>\n<div  id=\"ronds\"  class='avia-image-container av-2mjn5-bb83faa812f017ee108b52291acf442c av-styling- avia-align-center  avia-builder-el-24  el_after_av_heading  el_before_av_textblock '   itemprop=\"image\" itemscope=\"itemscope\" itemtype=\"https:\/\/schema.org\/ImageObject\" ><div class=\"avia-image-container-inner\"><div class=\"avia-image-overlay-wrap\"><img decoding=\"async\" fetchpriority=\"high\" class='wp-image-913593316 avia-img-lazy-loading-not-913593316 avia_image ' src=\"https:\/\/winmedia.fr\/wp-content\/uploads\/2025\/10\/winLogger-TV.jpg\" alt='' title='winLogger TV'  height=\"720\" width=\"1000\"  itemprop=\"thumbnailUrl\" srcset=\"https:\/\/winmedia.fr\/wp-content\/uploads\/2025\/10\/winLogger-TV.jpg 1000w, https:\/\/winmedia.fr\/wp-content\/uploads\/2025\/10\/winLogger-TV-300x216.jpg 300w, https:\/\/winmedia.fr\/wp-content\/uploads\/2025\/10\/winLogger-TV-768x553.jpg 768w, https:\/\/winmedia.fr\/wp-content\/uploads\/2025\/10\/winLogger-TV-705x508.jpg 705w\" sizes=\"(max-width: 1000px) 100vw, 1000px\" \/><\/div><\/div><\/div><br \/>\n<section  class='av_textblock_section av-mgjv6a5u-dd3097ab6e71b8d4d94f7d507792778b '   itemscope=\"itemscope\" itemtype=\"https:\/\/schema.org\/CreativeWork\" ><div class='avia_textblock'  itemprop=\"text\" ><h6>TV<\/h6>\n<\/div><\/section><br \/>\n<section  class='av_textblock_section av-mgjv4rpx-a16b936958696fd1b86d81737e401aa6 '   itemscope=\"itemscope\" itemtype=\"https:\/\/schema.org\/CreativeWork\" ><div class='avia_textblock'  itemprop=\"text\" ><p>Con tarjetas de v\u00eddeo BlackMagic o IP Stream<\/p>\n<ul>\n<li>anal\u00f3gico\/digital\/SDI\/DVB\/IP\/ASI\/TS<\/li>\n<li>Canales de entrada ilimitados<\/li>\n<li>Soporte SD y HD con MP4 H264, H265 de 1,5 mb\/s a 136 mb\/s<\/li>\n<li>Soporte de m\u00faltiples pistas de audio (16)<\/li>\n<li>Visi\u00f3n general completa del estado de la grabaci\u00f3n<\/li>\n<li>Inserci\u00f3n y gesti\u00f3n de metadatos<br \/>\n. Arquitectura de hardware y software segura para garantizar una fiabilidad \u00f3ptima <\/li>\n<li>Cumplimiento total de los requisitos de los reguladores de los medios de comunicaci\u00f3n<\/li>\n<\/ul>\n<\/div><\/section><\/p><\/div><\/div><\/div><\/div><!-- close content main div --><\/div><\/div>\n<style type=\"text\/css\" data-created_by=\"avia_inline_auto\" id=\"style-css-av-mh878kps-5fbafe482c469a1b144dead29b7f78be\">\n.avia-section.av-mh878kps-5fbafe482c469a1b144dead29b7f78be{\nbackground-color:#eeeeee;\nbackground-image:unset;\n}\n<\/style>\n<div id='av_section_3'  class='avia-section av-mh878kps-5fbafe482c469a1b144dead29b7f78be main_color avia-section-large avia-no-border-styling  avia-builder-el-27  el_after_av_section  avia-builder-el-last  avia-bg-style-scroll container_wrap fullsize'  ><div class='container av-section-cont-open' ><div class='template-page content  av-content-full alpha units'><div class='post-entry post-entry-type-page post-entry-913593317'><div class='entry-content-wrapper clearfix'>\n<div class='flex_column_table av-8o6keihi4-9d5026044191278c585dc3b01a299b8a sc-av_three_fourth av-equal-height-column-flextable'>\n<style type=\"text\/css\" data-created_by=\"avia_inline_auto\" id=\"style-css-av-8o6keihi4-9d5026044191278c585dc3b01a299b8a\">\n.flex_column.av-8o6keihi4-9d5026044191278c585dc3b01a299b8a{\npadding:30px 30px 30px 30px;\n}\n<\/style>\n<div  class='flex_column av-8o6keihi4-9d5026044191278c585dc3b01a299b8a av_three_fourth  avia-builder-el-28  el_before_av_one_fourth  avia-builder-el-first  first flex_column_table_cell av-equal-height-column av-align-middle  '     ><p>\n<style type=\"text\/css\" data-created_by=\"avia_inline_auto\" id=\"style-css-av-mhl2z1ri-e1f6836254ed0b963c674ae5dcfd75ae\">\n#top .av-special-heading.av-mhl2z1ri-e1f6836254ed0b963c674ae5dcfd75ae{\npadding-bottom:10px;\n}\nbody .av-special-heading.av-mhl2z1ri-e1f6836254ed0b963c674ae5dcfd75ae .av-special-heading-tag .heading-char{\nfont-size:25px;\n}\n.av-special-heading.av-mhl2z1ri-e1f6836254ed0b963c674ae5dcfd75ae .av-subheading{\nfont-size:15px;\n}\n<\/style>\n<div  id=\"winlogger\"  class='av-special-heading av-mhl2z1ri-e1f6836254ed0b963c674ae5dcfd75ae av-special-heading-h2  avia-builder-el-29  el_before_av_textblock  avia-builder-el-first '><h2 class='av-special-heading-tag '  itemprop=\"headline\"  >Beneficios clave<\/h2><div class=\"special-heading-border\"><div class=\"special-heading-inner-border\"><\/div><\/div><\/div><br \/>\n\n<style type=\"text\/css\" data-created_by=\"avia_inline_auto\" id=\"style-css-av-mhi5f3dj-7b419bc631014c9a9048dc9fe7a89025\">\n#top .av_textblock_section.av-mhi5f3dj-7b419bc631014c9a9048dc9fe7a89025 .avia_textblock{\ncolumn-count:2;\n}\n<\/style>\n<section  class='av_textblock_section av-mhi5f3dj-7b419bc631014c9a9048dc9fe7a89025 '   itemscope=\"itemscope\" itemtype=\"https:\/\/schema.org\/CreativeWork\" ><div class='avia_textblock av_multi_colums'  itemprop=\"text\" ><p class=\"p1\"><strong><span class=\"s1\">Reliable Compliance Logging<\/span><\/strong><\/p>\n<p class=\"p1\"><span class=\"s2\">WinLogger ensures continuous 24\/7 audio and video recording for full legal compliance and content verification, with adjustable retention periods and automatic archiving.<\/span><\/p>\n<p class=\"p1\"><strong><span class=\"s1\">Centralized Multi-Channel Capture<\/span><\/strong><\/p>\n<p class=\"p1\"><span class=\"s2\">Record several audio or video sources simultaneously \u2014 ideal for large broadcast networks or multi-station operations \u2014 with centralized control and monitoring.<\/span><\/p>\n<p class=\"p1\"><strong><span class=\"s1\">Instant Access &amp; Playback<\/span><\/strong><\/p>\n<p class=\"p1\"><span class=\"s2\">Quickly locate, preview, and export any recorded segment by date, time, or keyword using an intuitive search interface fully integrated with WinMedia and WinMam.<\/span><\/p>\n<p class=\"p1\"><strong><span class=\"s1\">Smart Storage Management<\/span><\/strong><\/p>\n<p class=\"p1\"><span class=\"s2\">Optimize disk space with adaptive recording profiles, scheduled purging, and configurable compression for long-term storage efficiency.<\/span><\/p>\n<p class=\"p1\"><span class=\"s1\">Seamless Integration<\/span><\/p>\n<p class=\"p1\"><span class=\"s2\">Works natively with the WinMedia ecosystem, automatically synchronizing logs, playlists, and metadata for unified compliance, quality control, and content reuse.<\/span><\/p>\n<\/div><\/section><\/p><\/div><div class='av-flex-placeholder'><\/div><div  class='flex_column av-bi7vmgnx8-356a92f88fb171c2f6e19ed4a0f4bb4d av_one_fourth  avia-builder-el-31  el_after_av_three_fourth  avia-builder-el-last  flex_column_table_cell av-equal-height-column av-align-middle  '     ><div  class='avia-button-wrap av-9xu9zbyn0-e69e51f6f1602bbf8fbe4dca791f457e-wrap avia_animated_button av-animated-when-visible-95 pop-up avia-button-center  avia-builder-el-32  avia-builder-el-no-sibling '>\n<style type=\"text\/css\" data-created_by=\"avia_inline_auto\" id=\"style-css-av-9xu9zbyn0-e69e51f6f1602bbf8fbe4dca791f457e\">\n@keyframes av_sonarEffect_av-9xu9zbyn0-e69e51f6f1602bbf8fbe4dca791f457e {\n  0% {opacity: 0.3;}\n 40% {opacity: 0.5; box-shadow: 0 0 0 2px rgba(255,255,255,0.1), 0 0 10px 10px #ffffff, 0 0 0 10px rgba(255,255,255,0.5);}\n100% {opacity: 0; box-shadow: 0 0 0 2px rgba(255,255,255,0.1), 0 0 10px 10px #ffffff, 0 0 0 10px rgba(255,255,255,0.5); transform: scale(1.5);}\n}\n.avia_transform  .avia-button-wrap.av-9xu9zbyn0-e69e51f6f1602bbf8fbe4dca791f457e-wrap{\nanimation-duration:1.5s;\n}\n#top #wrap_all .avia-button.av-9xu9zbyn0-e69e51f6f1602bbf8fbe4dca791f457e{\nborder-radius:30px 30px 30px 30px;\ntransition:all 0.4s ease-in-out;\n}\n#top #wrap_all.avia-button.av-9xu9zbyn0-e69e51f6f1602bbf8fbe4dca791f457e:hover .avia_button_background{\nborder-radius:30px 30px 30px 30px;\n}\n.avia-button.av-9xu9zbyn0-e69e51f6f1602bbf8fbe4dca791f457e.avia-sonar-shadow:after{\nborder-radius:30px 30px 30px 30px;\n}\n.avia-button.av-9xu9zbyn0-e69e51f6f1602bbf8fbe4dca791f457e.avia-sonar-shadow:hover:after{\nanimation:av_sonarEffect_av-9xu9zbyn0-e69e51f6f1602bbf8fbe4dca791f457e 1s ease-in-out;\n}\n<\/style>\n<a href='https:\/\/winmedia.fr\/es\/para-demostracion\/'  class='avia-button av-9xu9zbyn0-e69e51f6f1602bbf8fbe4dca791f457e av-link-btn avia-icon_select-yes-right-icon avia-size-large avia-position-center avia-color-theme-color avia-sonar-shadow'   aria-label=\"Solicitar una demostraci\u00f3n\"><span class='avia_iconbox_title' >Solicitar una demostraci\u00f3n<\/span><span class='avia_button_icon avia_button_icon_right avia-svg-icon avia-font-svg_entypo-fontello' data-av_svg_icon='right-dir' data-av_iconset='svg_entypo-fontello'><svg version=\"1.1\" xmlns=\"http:\/\/www.w3.org\/2000\/svg\" width=\"13\" height=\"32\" viewBox=\"0 0 13 32\" preserveAspectRatio=\"xMidYMid meet\" aria-labelledby='av-svg-title-1' aria-describedby='av-svg-desc-1' role=\"graphics-symbol\">\n<title id='av-svg-title-1'>Right-dir<\/title>\n<desc id='av-svg-desc-1'>Right-dir<\/desc>\n<path d=\"M0 8.64l12.8 7.36-12.8 7.36v-14.72z\"><\/path>\n<\/svg><\/span><\/a><\/div><\/div><\/div><!--close column table wrapper. Autoclose: 1 -->\n<\/p>\n","protected":false},"excerpt":{"rendered":"","protected":false},"author":2,"featured_media":913593316,"parent":0,"menu_order":0,"comment_status":"closed","ping_status":"closed","template":"","meta":{"footnotes":""},"class_list":["post-913593317","page","type-page","status-publish","has-post-thumbnail","hentry"],"_links":{"self":[{"href":"https:\/\/winmedia.fr\/es\/wp-json\/wp\/v2\/pages\/913593317","targetHints":{"allow":["GET"]}}],"collection":[{"href":"https:\/\/winmedia.fr\/es\/wp-json\/wp\/v2\/pages"}],"about":[{"href":"https:\/\/winmedia.fr\/es\/wp-json\/wp\/v2\/types\/page"}],"author":[{"embeddable":true,"href":"https:\/\/winmedia.fr\/es\/wp-json\/wp\/v2\/users\/2"}],"replies":[{"embeddable":true,"href":"https:\/\/winmedia.fr\/es\/wp-json\/wp\/v2\/comments?post=913593317"}],"version-history":[{"count":11,"href":"https:\/\/winmedia.fr\/es\/wp-json\/wp\/v2\/pages\/913593317\/revisions"}],"predecessor-version":[{"id":913594375,"href":"https:\/\/winmedia.fr\/es\/wp-json\/wp\/v2\/pages\/913593317\/revisions\/913594375"}],"wp:featuredmedia":[{"embeddable":true,"href":"https:\/\/winmedia.fr\/es\/wp-json\/wp\/v2\/media\/913593316"}],"wp:attachment":[{"href":"https:\/\/winmedia.fr\/es\/wp-json\/wp\/v2\/media?parent=913593317"}],"curies":[{"name":"wp","href":"https:\/\/api.w.org\/{rel}","templated":true}]}}