{"id":913593400,"date":"2025-10-15T08:37:36","date_gmt":"2025-10-15T08:37:36","guid":{"rendered":"https:\/\/winmedia.fr\/formacion\/"},"modified":"2026-04-06T15:09:05","modified_gmt":"2026-04-06T15:09:05","slug":"formacion","status":"publish","type":"page","link":"https:\/\/winmedia.fr\/es\/formacion\/","title":{"rendered":"Formaci\u00f3n"},"content":{"rendered":"<div id='av-layout-grid-1'  class='av-layout-grid-container av-bt8slr6qf-466f239e1409f870a60addbb32a69fc9 entry-content-wrapper main_color av-flex-cells  avia-builder-el-0  el_before_av_section  avia-builder-el-first   container_wrap fullsize'  >\n<div class='flex_cell av-rngsel07-9f7ec611d16fc8a2a222c3bba5eee61c av-gridrow-cell av_one_third no_margin  avia-builder-el-1  el_before_av_cell_two_third  avia-builder-el-first '  ><div class='flex_cell_inner'><div class='flex_column_table av-ltg5a19g-c34c796cd9b7facb93a55d19a2e7c75e sc-av_one_full av-equal-height-column-flextable'>\n<style type=\"text\/css\" data-created_by=\"avia_inline_auto\" id=\"style-css-av-ltg5a19g-c34c796cd9b7facb93a55d19a2e7c75e\">\n.flex_column.av-ltg5a19g-c34c796cd9b7facb93a55d19a2e7c75e{\nborder-radius:0 0 15px 15px;\npadding:40px 15px 10px 15px;\nbackground-color:#3ca4dc;\n}\n<\/style>\n<div  class='flex_column av-ltg5a19g-c34c796cd9b7facb93a55d19a2e7c75e av_one_full  avia-builder-el-2  avia-builder-el-no-sibling  first flex_column_table_cell av-equal-height-column av-align-bottom  '     ><style type=\"text\/css\" data-created_by=\"avia_inline_auto\" id=\"style-css-av-mgpma86j-dfd403a1a4d54648fd73d1f05b60d90a\">\n#top .av-special-heading.av-mgpma86j-dfd403a1a4d54648fd73d1f05b60d90a{\npadding-bottom:10px;\n}\nbody .av-special-heading.av-mgpma86j-dfd403a1a4d54648fd73d1f05b60d90a .av-special-heading-tag .heading-char{\nfont-size:25px;\n}\n.av-special-heading.av-mgpma86j-dfd403a1a4d54648fd73d1f05b60d90a .av-subheading{\nfont-size:15px;\n}\n<\/style>\n<div  class='av-special-heading av-mgpma86j-dfd403a1a4d54648fd73d1f05b60d90a av-special-heading-h1 blockquote modern-quote  avia-builder-el-3  avia-builder-el-no-sibling '><h1 class='av-special-heading-tag '  itemprop=\"headline\"  >Formaci\u00f3n de winMedia<\/h1><div class=\"special-heading-border\"><div class=\"special-heading-inner-border\"><\/div><\/div><\/div><\/div><\/div><!--close column table wrapper. Autoclose: 1 -->\n<\/div><\/div><div class='flex_cell av-fm9ajw7r-72c95e0d066eea01b85a4446613bb2aa av-gridrow-cell av_two_third no_margin  avia-builder-el-4  el_after_av_cell_one_third  avia-builder-el-last '  ><div class='flex_cell_inner'><div  class='flex_column av-98fkp-0abc24b64cf18e2bbdcdf6c3dfc96b3e av_one_full  avia-builder-el-5  avia-builder-el-no-sibling  first flex_column_div  '     ><style type=\"text\/css\" data-created_by=\"avia_inline_auto\" id=\"style-css-av-mnkh7y8w-73ac0d84567d561e8d86c5c5c19d68d0\">\n.avia-image-container.av-mnkh7y8w-73ac0d84567d561e8d86c5c5c19d68d0 img.avia_image{\nbox-shadow:none;\n}\n.avia-image-container.av-mnkh7y8w-73ac0d84567d561e8d86c5c5c19d68d0 .av-image-caption-overlay-center{\ncolor:#ffffff;\n}\n<\/style>\n<div  id=\"ronds\"  class='avia-image-container av-mnkh7y8w-73ac0d84567d561e8d86c5c5c19d68d0 av-styling- avia-align-center  avia-builder-el-6  avia-builder-el-no-sibling '   itemprop=\"image\" itemscope=\"itemscope\" itemtype=\"https:\/\/schema.org\/ImageObject\" ><div class=\"avia-image-container-inner\"><div class=\"avia-image-overlay-wrap\"><img decoding=\"async\" fetchpriority=\"high\" class='wp-image-913594241 avia-img-lazy-loading-not-913594241 avia_image ' src=\"https:\/\/winmedia.fr\/wp-content\/uploads\/2026\/04\/formation.jpg\" alt='' title='formation'  height=\"750\" width=\"1000\"  itemprop=\"thumbnailUrl\" srcset=\"https:\/\/winmedia.fr\/wp-content\/uploads\/2026\/04\/formation.jpg 1000w, https:\/\/winmedia.fr\/wp-content\/uploads\/2026\/04\/formation-300x225.jpg 300w, https:\/\/winmedia.fr\/wp-content\/uploads\/2026\/04\/formation-768x576.jpg 768w, https:\/\/winmedia.fr\/wp-content\/uploads\/2026\/04\/formation-705x529.jpg 705w, https:\/\/winmedia.fr\/wp-content\/uploads\/2026\/04\/formation-24x18.jpg 24w\" sizes=\"(max-width: 1000px) 100vw, 1000px\" \/><\/div><\/div><\/div><\/div>\n<\/div><\/div><\/div><div id='supports'  class='avia-section av-6dwu1-18c55f4be2d554ea063488c35ff18332 main_color avia-section-default avia-no-border-styling  avia-builder-el-7  el_after_av_layout_row  avia-builder-el-last  avia-bg-style-scroll container_wrap fullsize'  ><div class='container av-section-cont-open' ><div class='template-page content  av-content-full alpha units'><div class='post-entry post-entry-type-page post-entry-913593400'><div class='entry-content-wrapper clearfix'>\n\n<style type=\"text\/css\" data-created_by=\"avia_inline_auto\" id=\"style-css-av-1gz5p-2f1860800138a009b64d880cd60a7ebc\">\n.flex_column.av-1gz5p-2f1860800138a009b64d880cd60a7ebc{\npadding:30px 30px 30px 30px;\nbackground-color:#ffffff;\nbackground:linear-gradient( to top, #ffffff, #eeeeee );\n}\n<\/style>\n<div  class='flex_column av-1gz5p-2f1860800138a009b64d880cd60a7ebc av_one_half  avia-builder-el-8  el_before_av_one_half  avia-builder-el-first  first flex_column_div  '     ><p>\n<style type=\"text\/css\" data-created_by=\"avia_inline_auto\" id=\"style-css-av-o81t-d4b0e65a328b71717c7453f346c4122a\">\n#top .av-special-heading.av-o81t-d4b0e65a328b71717c7453f346c4122a{\npadding-bottom:10px;\n}\nbody .av-special-heading.av-o81t-d4b0e65a328b71717c7453f346c4122a .av-special-heading-tag .heading-char{\nfont-size:25px;\n}\n.av-special-heading.av-o81t-d4b0e65a328b71717c7453f346c4122a .av-subheading{\nfont-size:15px;\n}\n<\/style>\n<div  class='av-special-heading av-o81t-d4b0e65a328b71717c7453f346c4122a av-special-heading-h2  avia-builder-el-9  el_before_av_textblock  avia-builder-el-first '><h2 class='av-special-heading-tag '  itemprop=\"headline\"  >Formaci\u00f3n profesional en broadcast<br \/>para cada<br \/>soluci\u00f3n de WinMedia<\/h2><div class=\"special-heading-border\"><div class=\"special-heading-inner-border\"><\/div><\/div><\/div><br \/>\n<section  class='av_textblock_section av-mgm7iolz-b0c1851561989acbbc1366f46ec51ef8 '   itemscope=\"itemscope\" itemtype=\"https:\/\/schema.org\/CreativeWork\" ><div class='avia_textblock'  itemprop=\"text\" ><p>Los programas de formaci\u00f3n de WinMedia est\u00e1n dise\u00f1ados para ayudar a usuarios, ingenieros y profesionales del broadcast a dominar cada aspecto de nuestro paquete de software. Tanto si trabaja con <strong>WinMedia, WinSales, WinCam<\/strong>, o cualquier otro m\u00f3dulo, cada sesi\u00f3n de formaci\u00f3n es impartida por un experto certificado en el producto.<\/p>\n<p>Nuestro objetivo es garantizar que adquiera experiencia pr\u00e1ctica y real, desde la configuraci\u00f3n del sistema y la gesti\u00f3n de listas de reproducci\u00f3n hasta la automatizaci\u00f3n avanzada y la integraci\u00f3n en entornos de radio y televisi\u00f3n.<\/p>\n<\/div><\/section><\/p><\/div>\n<style type=\"text\/css\" data-created_by=\"avia_inline_auto\" id=\"style-css-av-cvpenjaon-014bc24060bcbcc2287d998b8ff11973\">\n.flex_column.av-cvpenjaon-014bc24060bcbcc2287d998b8ff11973{\npadding:30px 30px 30px 30px;\nbackground-color:#ffffff;\nbackground:linear-gradient( to top, #ffffff, #eeeeee );\n}\n<\/style>\n<div  class='flex_column av-cvpenjaon-014bc24060bcbcc2287d998b8ff11973 av_one_half  avia-builder-el-11  el_after_av_one_half  el_before_av_one_half  flex_column_div  '     ><p>\n<style type=\"text\/css\" data-created_by=\"avia_inline_auto\" id=\"style-css-av-mgrqrbo4-522330e6fc85688259cb6b4d0cd9daae\">\n#top .av-special-heading.av-mgrqrbo4-522330e6fc85688259cb6b4d0cd9daae{\npadding-bottom:10px;\n}\nbody .av-special-heading.av-mgrqrbo4-522330e6fc85688259cb6b4d0cd9daae .av-special-heading-tag .heading-char{\nfont-size:25px;\n}\n.av-special-heading.av-mgrqrbo4-522330e6fc85688259cb6b4d0cd9daae .av-subheading{\nfont-size:15px;\n}\n<\/style>\n<div  class='av-special-heading av-mgrqrbo4-522330e6fc85688259cb6b4d0cd9daae av-special-heading-h2  avia-builder-el-12  el_before_av_textblock  avia-builder-el-first '><h2 class='av-special-heading-tag '  itemprop=\"headline\"  >Formatos de formaci\u00f3n flexibles<\/h2><div class=\"special-heading-border\"><div class=\"special-heading-inner-border\"><\/div><\/div><\/div><br \/>\n<section  class='av_textblock_section av-mgrqrot8-0655f57ba4cd6fdd45250831cc010d10 '   itemscope=\"itemscope\" itemtype=\"https:\/\/schema.org\/CreativeWork\" ><div class='avia_textblock'  itemprop=\"text\" ><ul>\n<li><strong>Sesiones remotas<\/strong>: se realizan en l\u00ednea a trav\u00e9s de herramientas seguras de videoconferencia (Teams, Zoom, etc.). Ideal para una formaci\u00f3n r\u00e1pida y rentable sin necesidad de viajar.<\/li>\n<li><strong>Sesiones in situ<\/strong>: un formador de WinMedia se desplaza a sus instalaciones para una sesi\u00f3n totalmente personalizada y adaptada a su configuraci\u00f3n operativa.<\/li>\n<li><strong>En la sede central de WinMedia (La Ciotat, Francia)<\/strong>: disfrute de una experiencia de formaci\u00f3n pr\u00e1ctica en nuestra moderna sala de exposiciones equipada para la radiodifusi\u00f3n, la captura de v\u00eddeo y la producci\u00f3n de televisi\u00f3n.<\/li>\n<\/ul>\n<\/div><\/section><\/p><\/div>\n<style type=\"text\/css\" data-created_by=\"avia_inline_auto\" id=\"style-css-av-slgm3efr-4afa129a825bd1f1fcbbb6e993612017\">\n.flex_column.av-slgm3efr-4afa129a825bd1f1fcbbb6e993612017{\npadding:30px 30px 30px 30px;\nbackground-color:#ffffff;\nbackground:linear-gradient( to top, #ffffff, #eeeeee );\n}\n<\/style>\n<div  class='flex_column av-slgm3efr-4afa129a825bd1f1fcbbb6e993612017 av_one_half  avia-builder-el-14  el_after_av_one_half  el_before_av_one_half  first flex_column_div  column-top-margin'     ><p>\n<style type=\"text\/css\" data-created_by=\"avia_inline_auto\" id=\"style-css-av-mgrqsz7l-a1114169cb467dfdf562bb1dfb4d2714\">\n#top .av-special-heading.av-mgrqsz7l-a1114169cb467dfdf562bb1dfb4d2714{\npadding-bottom:10px;\n}\nbody .av-special-heading.av-mgrqsz7l-a1114169cb467dfdf562bb1dfb4d2714 .av-special-heading-tag .heading-char{\nfont-size:25px;\n}\n.av-special-heading.av-mgrqsz7l-a1114169cb467dfdf562bb1dfb4d2714 .av-subheading{\nfont-size:15px;\n}\n<\/style>\n<div  class='av-special-heading av-mgrqsz7l-a1114169cb467dfdf562bb1dfb4d2714 av-special-heading-h2  avia-builder-el-15  el_before_av_textblock  avia-builder-el-first '><h2 class='av-special-heading-tag '  itemprop=\"headline\"  >Un entorno de formaci\u00f3n<br \/>completo e inmersivo<\/h2><div class=\"special-heading-border\"><div class=\"special-heading-inner-border\"><\/div><\/div><\/div><br \/>\n<section  class='av_textblock_section av-mgrqteqg-126c4707367dd47038d3723fd61eb0ff '   itemscope=\"itemscope\" itemtype=\"https:\/\/schema.org\/CreativeWork\" ><div class='avia_textblock'  itemprop=\"text\" ><p>Nuestro <strong>centro de formaci\u00f3n en La Ciotat<\/strong> incluye un estudio de broadcast y unas instalaciones t\u00e9cnicas totalmente funcionales, que cuentan con:<\/p>\n<ul>\n<li>Consolas de radio y cadenas de broadcast en directo impulsadas por <strong>WinMedia<\/strong><\/li>\n<li>Salas de control de v\u00eddeo operadas a trav\u00e9s de <strong>WinCam<\/strong><\/li>\n<li>Estaciones de trabajo de gesti\u00f3n comercial con <strong>WinSales<\/strong><\/li>\n<li>\u00c1reas dedicadas a la edici\u00f3n, la ingesta y la producci\u00f3n de medios<\/li>\n<\/ul>\n<p>Cada sesi\u00f3n de formaci\u00f3n in situ se <strong>graba con WinCam<\/strong>, lo que permite a los participantes conservar una grabaci\u00f3n de v\u00eddeo completa de todas las sesiones. Estas grabaciones pueden revisarse posteriormente para repasar o para la formaci\u00f3n interna.<\/p>\n<\/div><\/section><\/p><\/div>\n<style type=\"text\/css\" data-created_by=\"avia_inline_auto\" id=\"style-css-av-65j18c05z-cf18ebef671d77e77d131268870d25b5\">\n.flex_column.av-65j18c05z-cf18ebef671d77e77d131268870d25b5{\npadding:30px 30px 30px 30px;\nbackground-color:#ffffff;\nbackground:linear-gradient( to top, #ffffff, #eeeeee );\n}\n<\/style>\n<div  class='flex_column av-65j18c05z-cf18ebef671d77e77d131268870d25b5 av_one_half  avia-builder-el-17  el_after_av_one_half  avia-builder-el-last  flex_column_div  column-top-margin'     ><p>\n<style type=\"text\/css\" data-created_by=\"avia_inline_auto\" id=\"style-css-av-mgrqtwy9-19b22152a7a990cb8fea5dba9b2b57c8\">\n#top .av-special-heading.av-mgrqtwy9-19b22152a7a990cb8fea5dba9b2b57c8{\npadding-bottom:10px;\n}\nbody .av-special-heading.av-mgrqtwy9-19b22152a7a990cb8fea5dba9b2b57c8 .av-special-heading-tag .heading-char{\nfont-size:25px;\n}\n.av-special-heading.av-mgrqtwy9-19b22152a7a990cb8fea5dba9b2b57c8 .av-subheading{\nfont-size:15px;\n}\n<\/style>\n<div  class='av-special-heading av-mgrqtwy9-19b22152a7a990cb8fea5dba9b2b57c8 av-special-heading-h2  avia-builder-el-18  el_before_av_textblock  avia-builder-el-first '><h2 class='av-special-heading-tag '  itemprop=\"headline\"  >Opciones de financiaci\u00f3n y formaci\u00f3n certificada<\/h2><div class=\"special-heading-border\"><div class=\"special-heading-inner-border\"><\/div><\/div><\/div><br \/>\n<section  class='av_textblock_section av-mgrqu5s3-d33b46357853379fcf2f01a287cf68b2 '   itemscope=\"itemscope\" itemtype=\"https:\/\/schema.org\/CreativeWork\" ><div class='avia_textblock'  itemprop=\"text\" ><p>WinMedia es una <strong>organizaci\u00f3n de formaci\u00f3n acreditada oficialmente<\/strong>, lo que significa que muchos de nuestros programas de formaci\u00f3n pueden ser <strong>financiados parcial o totalmente<\/strong> a trav\u00e9s de fondos de formaci\u00f3n profesional, dependiendo de su pa\u00eds o regi\u00f3n. Esto garantiza una formaci\u00f3n profesional de alto nivel con un coste m\u00ednimo para su empresa.<\/p>\n<\/div><\/section><br \/>\n\n<style type=\"text\/css\" data-created_by=\"avia_inline_auto\" id=\"style-css-av-mgrqurj0-4f5135ca5216aa7207099474b977bde8\">\n#top .av-special-heading.av-mgrqurj0-4f5135ca5216aa7207099474b977bde8{\npadding-bottom:10px;\n}\nbody .av-special-heading.av-mgrqurj0-4f5135ca5216aa7207099474b977bde8 .av-special-heading-tag .heading-char{\nfont-size:25px;\n}\n.av-special-heading.av-mgrqurj0-4f5135ca5216aa7207099474b977bde8 .av-subheading{\nfont-size:15px;\n}\n<\/style>\n<div  class='av-special-heading av-mgrqurj0-4f5135ca5216aa7207099474b977bde8 av-special-heading-h2  avia-builder-el-20  el_after_av_textblock  el_before_av_textblock '><h2 class='av-special-heading-tag '  itemprop=\"headline\"  >Programaci\u00f3n e inscripci\u00f3n<\/h2><div class=\"special-heading-border\"><div class=\"special-heading-inner-border\"><\/div><\/div><\/div><br \/>\n<section  class='av_textblock_section av-mgrqva76-1d4883f4b8cf3218a40364d7522c88ed '   itemscope=\"itemscope\" itemtype=\"https:\/\/schema.org\/CreativeWork\" ><div class='avia_textblock'  itemprop=\"text\" ><p>Puede reservar sus sesiones de formaci\u00f3n:<\/p>\n<ul>\n<li>A trav\u00e9s de su <strong>distribuidor local de WinMedia<\/strong>, o<\/li>\n<li>Directamente a trav\u00e9s de nuestro <strong>Departamento de Ventas<\/strong>: <a href=\"mailto:sales@winmedia.org\">sales@winmedia.org<\/a><\/li>\n<\/ul>\n<p>Nuestro equipo le ayudar\u00e1 a seleccionar el programa adecuado, a programar las sesiones y a gestionar todos los tr\u00e1mites administrativos de su formaci\u00f3n.<\/p>\n<\/div><\/section><br \/>\n<div  class='avia-button-wrap av-mgrqxkh0-48b2085cd21048c9bcaff48dee16b561-wrap avia-button-center  avia-builder-el-22  el_after_av_textblock  avia-builder-el-last '>\n<style type=\"text\/css\" data-created_by=\"avia_inline_auto\" id=\"style-css-av-mgrqxkh0-48b2085cd21048c9bcaff48dee16b561\">\n#top #wrap_all .avia-button.av-mgrqxkh0-48b2085cd21048c9bcaff48dee16b561{\nborder-radius:25px 25px 25px 25px;\ntransition:all 0.4s ease-in-out;\n}\n#top #wrap_all.avia-button.av-mgrqxkh0-48b2085cd21048c9bcaff48dee16b561:hover .avia_button_background{\nborder-radius:25px 25px 25px 25px;\n}\n<\/style>\n<a href='mailto:sales@winmedia.org'  class='avia-button av-mgrqxkh0-48b2085cd21048c9bcaff48dee16b561 av-link-btn avia-icon_select-yes-right-icon avia-size-large avia-position-center av-icon-on-hover avia-color-theme-color'   aria-label=\"P\u00f3ngase en contacto con nosotros para la formaci\u00f3n\"><span class='avia_iconbox_title' >P\u00f3ngase en contacto con nosotros para la formaci\u00f3n<\/span><span class='avia_button_icon avia_button_icon_right avia-iconfont avia-font-entypo-fontello' data-av_icon='\ue805' data-av_iconfont='entypo-fontello' ><\/span><\/a><\/div><\/p><\/div>\n<\/p>\n","protected":false},"excerpt":{"rendered":"","protected":false},"author":2,"featured_media":913594241,"parent":0,"menu_order":0,"comment_status":"closed","ping_status":"closed","template":"","meta":{"footnotes":""},"class_list":["post-913593400","page","type-page","status-publish","has-post-thumbnail","hentry"],"_links":{"self":[{"href":"https:\/\/winmedia.fr\/es\/wp-json\/wp\/v2\/pages\/913593400","targetHints":{"allow":["GET"]}}],"collection":[{"href":"https:\/\/winmedia.fr\/es\/wp-json\/wp\/v2\/pages"}],"about":[{"href":"https:\/\/winmedia.fr\/es\/wp-json\/wp\/v2\/types\/page"}],"author":[{"embeddable":true,"href":"https:\/\/winmedia.fr\/es\/wp-json\/wp\/v2\/users\/2"}],"replies":[{"embeddable":true,"href":"https:\/\/winmedia.fr\/es\/wp-json\/wp\/v2\/comments?post=913593400"}],"version-history":[{"count":5,"href":"https:\/\/winmedia.fr\/es\/wp-json\/wp\/v2\/pages\/913593400\/revisions"}],"predecessor-version":[{"id":913594378,"href":"https:\/\/winmedia.fr\/es\/wp-json\/wp\/v2\/pages\/913593400\/revisions\/913594378"}],"wp:featuredmedia":[{"embeddable":true,"href":"https:\/\/winmedia.fr\/es\/wp-json\/wp\/v2\/media\/913594241"}],"wp:attachment":[{"href":"https:\/\/winmedia.fr\/es\/wp-json\/wp\/v2\/media?parent=913593400"}],"curies":[{"name":"wp","href":"https:\/\/api.w.org\/{rel}","templated":true}]}}