{"id":913593914,"date":"2026-03-19T16:33:56","date_gmt":"2026-03-19T16:33:56","guid":{"rendered":"https:\/\/winmedia.fr\/winweb\/"},"modified":"2026-04-06T15:41:34","modified_gmt":"2026-04-06T15:41:34","slug":"winweb","status":"publish","type":"page","link":"https:\/\/winmedia.fr\/es\/winweb\/","title":{"rendered":"winWeb"},"content":{"rendered":"<div id='av-layout-grid-1'  class='av-layout-grid-container av-1e7o9ygmf-5d672535c3e9fa94d4fe1e974d7baeb2 entry-content-wrapper main_color av-flex-cells  avia-builder-el-0  el_before_av_one_full  avia-builder-el-first   container_wrap fullsize'  >\n<div class='flex_cell av-9akccts4n-f413840d6c8ff995fd84ada3dcc45f5e av-gridrow-cell av_one_third no_margin  avia-builder-el-1  el_before_av_cell_two_third  avia-builder-el-first '  ><div class='flex_cell_inner'><p>\n<style type=\"text\/css\" data-created_by=\"avia_inline_auto\" id=\"style-css-av-1mmlu0k2w7-2e37b21f047aebe6d0135b106a796b94\">\n.flex_column.av-1mmlu0k2w7-2e37b21f047aebe6d0135b106a796b94{\nborder-radius:0 0 15px 15px;\npadding:40px 15px 10px 15px;\nbackground-color:#9f4c97;\n}\n<\/style>\n<div  class='flex_column av-1mmlu0k2w7-2e37b21f047aebe6d0135b106a796b94 av_one_full  avia-builder-el-2  el_before_av_one_full  avia-builder-el-first  first flex_column_div  '     ><style type=\"text\/css\" data-created_by=\"avia_inline_auto\" id=\"style-css-av-1jyfdtcv53-6f905e492d83803a4863703085427866\">\n.avia-image-container.av-1jyfdtcv53-6f905e492d83803a4863703085427866 img.avia_image{\nbox-shadow:none;\n}\n.avia-image-container.av-1jyfdtcv53-6f905e492d83803a4863703085427866 .av-image-caption-overlay-center{\ncolor:#ffffff;\n}\n<\/style>\n<div  class='avia-image-container av-1jyfdtcv53-6f905e492d83803a4863703085427866 av-styling- avia-align-center  avia-builder-el-3  avia-builder-el-no-sibling '   itemprop=\"image\" itemscope=\"itemscope\" itemtype=\"https:\/\/schema.org\/ImageObject\" ><div class=\"avia-image-container-inner\"><div class=\"avia-image-overlay-wrap\"><img decoding=\"async\" fetchpriority=\"high\" class='wp-image-913593911 avia-img-lazy-loading-not-913593911 avia_image ' src=\"https:\/\/winmedia.fr\/wp-content\/uploads\/2026\/03\/logo-winweb-1-300x90.png\" alt='' title='logo winweb'  height=\"90\" width=\"300\"  itemprop=\"thumbnailUrl\" srcset=\"https:\/\/winmedia.fr\/wp-content\/uploads\/2026\/03\/logo-winweb-1-300x90.png 300w, https:\/\/winmedia.fr\/wp-content\/uploads\/2026\/03\/logo-winweb-1-495x150.png 495w, https:\/\/winmedia.fr\/wp-content\/uploads\/2026\/03\/logo-winweb-1-24x7.png 24w, https:\/\/winmedia.fr\/wp-content\/uploads\/2026\/03\/logo-winweb-1.png 500w\" sizes=\"(max-width: 300px) 100vw, 300px\" \/><\/div><\/div><\/div><\/div><div  class='flex_column av-1973v880pz-bcaeefdb7f256412971bbcf205116f57 av_one_full  avia-builder-el-4  el_after_av_one_full  avia-builder-el-last  first flex_column_div  column-top-margin'     ><style type=\"text\/css\" data-created_by=\"avia_inline_auto\" id=\"style-css-av-mmxort7t-b315ae4f6a044254dae5bf58fcffd5d1\">\n#top .av-special-heading.av-mmxort7t-b315ae4f6a044254dae5bf58fcffd5d1{\npadding-bottom:13px;\n}\nbody .av-special-heading.av-mmxort7t-b315ae4f6a044254dae5bf58fcffd5d1 .av-special-heading-tag .heading-char{\nfont-size:25px;\n}\n.av-special-heading.av-mmxort7t-b315ae4f6a044254dae5bf58fcffd5d1 .av-subheading{\nfont-size:15px;\n}\n<\/style>\n<div  id=\"titrepage\"  class='av-special-heading av-mmxort7t-b315ae4f6a044254dae5bf58fcffd5d1 av-special-heading-h3 blockquote modern-quote modern-right  avia-builder-el-5  avia-builder-el-no-sibling '><h3 class='av-special-heading-tag '  itemprop=\"headline\"  >CMS &#8211; Conectado &#8211; Medios<\/h3><div class=\"special-heading-border\"><div class=\"special-heading-inner-border\"><\/div><\/div><\/div><\/div><\/p>\n<\/div><\/div><div class='flex_cell av-5oya59u3r-026f6fce972c1f4bbbad57daf4ebbcdd av-gridrow-cell av_two_third no_margin  avia-builder-el-6  el_after_av_cell_one_third  avia-builder-el-last '  ><div class='flex_cell_inner'><div  class='flex_column av-8bv92fgyv-63656fbe0740da475a18e707651d7fa5 av_one_full  avia-builder-el-7  avia-builder-el-no-sibling  first flex_column_div  '     ><style type=\"text\/css\" data-created_by=\"avia_inline_auto\" id=\"style-css-av-mmxpe9gq-ec5a1c084feaea4a8d0834ae4d85ddda\">\n.avia-image-container.av-mmxpe9gq-ec5a1c084feaea4a8d0834ae4d85ddda img.avia_image{\nbox-shadow:none;\n}\n.avia-image-container.av-mmxpe9gq-ec5a1c084feaea4a8d0834ae4d85ddda .av-image-caption-overlay-center{\ncolor:#ffffff;\n}\n<\/style>\n<div  id=\"ronds\"  class='avia-image-container av-mmxpe9gq-ec5a1c084feaea4a8d0834ae4d85ddda av-styling- avia-align-center  avia-builder-el-8  avia-builder-el-no-sibling '   itemprop=\"image\" itemscope=\"itemscope\" itemtype=\"https:\/\/schema.org\/ImageObject\" ><div class=\"avia-image-container-inner\"><div class=\"avia-image-overlay-wrap\"><img decoding=\"async\" fetchpriority=\"high\" class='wp-image-913593912 avia-img-lazy-loading-not-913593912 avia_image ' src=\"https:\/\/winmedia.fr\/wp-content\/uploads\/2026\/03\/winWeb-Front.jpg\" alt='' title='winWeb Front'  height=\"483\" width=\"1000\"  itemprop=\"thumbnailUrl\" srcset=\"https:\/\/winmedia.fr\/wp-content\/uploads\/2026\/03\/winWeb-Front.jpg 1000w, https:\/\/winmedia.fr\/wp-content\/uploads\/2026\/03\/winWeb-Front-300x145.jpg 300w, https:\/\/winmedia.fr\/wp-content\/uploads\/2026\/03\/winWeb-Front-768x371.jpg 768w, https:\/\/winmedia.fr\/wp-content\/uploads\/2026\/03\/winWeb-Front-705x341.jpg 705w, https:\/\/winmedia.fr\/wp-content\/uploads\/2026\/03\/winWeb-Front-24x12.jpg 24w\" sizes=\"(max-width: 1000px) 100vw, 1000px\" \/><\/div><\/div><\/div><\/div>\n<\/div><\/div>\n<\/div><div id='after_grid_row_1'  class='main_color av_default_container_wrap container_wrap fullsize'  ><div class='container av-section-cont-open' ><div class='template-page content  av-content-full alpha units'><div class='post-entry post-entry-type-page post-entry-913593914'><div class='entry-content-wrapper clearfix'>\n\n<style type=\"text\/css\" data-created_by=\"avia_inline_auto\" id=\"style-css-av-1498u6w33b-f10d044614cb2168fec2cb3dd04b5bad\">\n.flex_column.av-1498u6w33b-f10d044614cb2168fec2cb3dd04b5bad{\nborder-radius:30px 30px 30px 30px;\npadding:15px 30px 15px 30px;\nbackground-color:#5e5e5e;\n}\n<\/style>\n<div  class='flex_column av-1498u6w33b-f10d044614cb2168fec2cb3dd04b5bad av_one_full  avia-builder-el-9  el_after_av_layout_row  el_before_av_section  avia-builder-el-no-sibling  first flex_column_div  '     ><style type=\"text\/css\" data-created_by=\"avia_inline_auto\" id=\"style-css-av-mmxos5k1-0f0c4012807057fd6ca6446eed472bad\">\n#top .av_textblock_section.av-mmxos5k1-0f0c4012807057fd6ca6446eed472bad .avia_textblock{\ncolor:#ffffff;\n}\n<\/style>\n<section  class='av_textblock_section av-mmxos5k1-0f0c4012807057fd6ca6446eed472bad '   itemscope=\"itemscope\" itemtype=\"https:\/\/schema.org\/CreativeWork\" ><div class='avia_textblock av_inherit_color'  itemprop=\"text\" ><p><img decoding=\"async\" class=\"alignnone size-full wp-image-913593783\" src=\"https:\/\/winmedia.fr\/wp-content\/uploads\/2026\/03\/intro-winweb.png\" alt=\"\" width=\"103\" height=\"76\" srcset=\"https:\/\/winmedia.fr\/wp-content\/uploads\/2026\/03\/intro-winweb.png 103w, https:\/\/winmedia.fr\/wp-content\/uploads\/2026\/03\/intro-winweb-24x18.png 24w\" sizes=\"(max-width: 103px) 100vw, 103px\" \/>winWeb responde a las necesidades de las emisoras de adaptarse a los patrones cambiantes de consumo de medios y a las tecnolog\u00edas en r\u00e1pida evoluci\u00f3n. Al permitir una entrega r\u00e1pida de contenido a trav\u00e9s de un sitio web moderno, winWeb mantiene a las emisoras conectadas y relevantes.<br \/>\nComo soluci\u00f3n de medios de vanguardia, winWeb facilita la entrega \u00e1gil de contenido a plataformas de internet, garantizando que las emisoras se mantengan flexibles y satisfagan las demandas de un panorama medi\u00e1tico din\u00e1mico. Con su enfoque innovador, winWeb CMS se erige como una herramienta vital y multitemplate para navegar los desaf\u00edos y oportunidades del ecosistema medi\u00e1tico en constante expansi\u00f3n, permitiendo a las emisoras prosperar en la era digital.<\/p>\n<\/div><\/section><\/div>\n<\/div><\/div><\/div><!-- close content main div --><\/div><\/div><div id='winweb'  class='avia-section av-11l4ook813-9418c32871eeb6e622797bfe91d9860e main_color avia-section-default avia-no-border-styling  avia-builder-el-11  el_after_av_one_full  el_before_av_section  avia-bg-style-scroll container_wrap fullsize'  ><div class='container av-section-cont-open' ><div class='template-page content  av-content-full alpha units'><div class='post-entry post-entry-type-page post-entry-913593914'><div class='entry-content-wrapper clearfix'>\n\n<style type=\"text\/css\" data-created_by=\"avia_inline_auto\" id=\"style-css-av-wpdgfyx7r-34e3710f5719feaa414e818ee51cef63\">\n.flex_column.av-wpdgfyx7r-34e3710f5719feaa414e818ee51cef63{\nborder-radius:30px 30px 30px 30px;\npadding:30px 30px 30px 30px;\nbackground-color:#f7f7f7;\nbackground:linear-gradient( to top, #f7f7f7, #eeeeee );\n}\n<\/style>\n<div  class='flex_column av-wpdgfyx7r-34e3710f5719feaa414e818ee51cef63 av_one_full  avia-builder-el-12  el_before_av_one_half  avia-builder-el-first  first flex_column_div  '     ><p>\n<style type=\"text\/css\" data-created_by=\"avia_inline_auto\" id=\"style-css-av-mmxosj9v-8a7b68f3646555fe537f03428bb80406\">\n#top .av-special-heading.av-mmxosj9v-8a7b68f3646555fe537f03428bb80406{\npadding-bottom:10px;\n}\nbody .av-special-heading.av-mmxosj9v-8a7b68f3646555fe537f03428bb80406 .av-special-heading-tag .heading-char{\nfont-size:25px;\n}\n.av-special-heading.av-mmxosj9v-8a7b68f3646555fe537f03428bb80406 .av-subheading{\nfont-size:15px;\n}\n<\/style>\n<div  id=\"winweb\"  class='av-special-heading av-mmxosj9v-8a7b68f3646555fe537f03428bb80406 av-special-heading-h2  avia-builder-el-13  el_before_av_image  avia-builder-el-first '><h2 class='av-special-heading-tag '  itemprop=\"headline\"  >Plantilla<\/h2><div class=\"special-heading-border\"><div class=\"special-heading-inner-border\"><\/div><\/div><\/div><br \/>\n\n<style type=\"text\/css\" data-created_by=\"avia_inline_auto\" id=\"style-css-av-rvsbozlwn-23a06e17876b54a5539c4d84ab95de4a\">\n.avia-image-container.av-rvsbozlwn-23a06e17876b54a5539c4d84ab95de4a img.avia_image{\nbox-shadow:none;\n}\n.avia-image-container.av-rvsbozlwn-23a06e17876b54a5539c4d84ab95de4a .av-image-caption-overlay-center{\ncolor:#ffffff;\n}\n<\/style>\n<div  id=\"ronds\"  class='avia-image-container av-rvsbozlwn-23a06e17876b54a5539c4d84ab95de4a av-styling- avia-align-center  avia-builder-el-14  el_after_av_heading  el_before_av_textblock '   itemprop=\"image\" itemscope=\"itemscope\" itemtype=\"https:\/\/schema.org\/ImageObject\" ><div class=\"avia-image-container-inner\"><div class=\"avia-image-overlay-wrap\"><img decoding=\"async\" fetchpriority=\"high\" class='wp-image-913593913 avia-img-lazy-loading-not-913593913 avia_image ' src=\"https:\/\/winmedia.fr\/wp-content\/uploads\/2026\/03\/winWeb-Backoffice.jpg\" alt='' title='winWeb Backoffice'  height=\"497\" width=\"1000\"  itemprop=\"thumbnailUrl\" srcset=\"https:\/\/winmedia.fr\/wp-content\/uploads\/2026\/03\/winWeb-Backoffice.jpg 1000w, https:\/\/winmedia.fr\/wp-content\/uploads\/2026\/03\/winWeb-Backoffice-300x149.jpg 300w, https:\/\/winmedia.fr\/wp-content\/uploads\/2026\/03\/winWeb-Backoffice-768x382.jpg 768w, https:\/\/winmedia.fr\/wp-content\/uploads\/2026\/03\/winWeb-Backoffice-705x350.jpg 705w, https:\/\/winmedia.fr\/wp-content\/uploads\/2026\/03\/winWeb-Backoffice-24x12.jpg 24w\" sizes=\"(max-width: 1000px) 100vw, 1000px\" \/><\/div><\/div><\/div><br \/>\n<section  class='av_textblock_section av-mmxotl3d-80a11d9b5bbe780189f073160e96b689 '   itemscope=\"itemscope\" itemtype=\"https:\/\/schema.org\/CreativeWork\" ><div class='avia_textblock'  itemprop=\"text\" ><h6>Back Office<\/h6>\n<\/div><\/section><br \/>\n<section  class='av_textblock_section av-mmxosrkt-d2ce1f4a824b5b973bf9ffc98cd8d88b '   itemscope=\"itemscope\" itemtype=\"https:\/\/schema.org\/CreativeWork\" ><div class='avia_textblock'  itemprop=\"text\" ><p>winWeb a\u00f1ade una nueva dimensi\u00f3n interactiva sorprendente a sus programas mediante la gesti\u00f3n experta de contenido en redes sociales. Ofreciendo m\u00e1s que una simple forma de publicar contenido en redes sociales, winWeb integra completamente el contenido generado por usuarios (UGC) en su flujo de trabajo, permiti\u00e9ndole seleccionar f\u00e1cilmente publicaciones para utilizarlas en su sitio web. Gracias a esta herramienta innovadora, aprovechar el UGC e involucrar a las audiencias nunca ha sido tan f\u00e1cil.<\/p>\n<\/div><\/section><\/p><\/div>\n<style type=\"text\/css\" data-created_by=\"avia_inline_auto\" id=\"style-css-av-ok1dhod5z-ed43b4563d372d7a7e1e1991ec2cf44c\">\n.flex_column.av-ok1dhod5z-ed43b4563d372d7a7e1e1991ec2cf44c{\nborder-radius:30px 30px 30px 30px;\npadding:30px 30px 30px 30px;\nbackground-color:#ffffff;\nbackground:linear-gradient( to top, #ffffff, #eeeeee );\n}\n<\/style>\n<div  class='flex_column av-ok1dhod5z-ed43b4563d372d7a7e1e1991ec2cf44c av_one_half  avia-builder-el-17  el_after_av_one_full  el_before_av_one_half  first flex_column_div  column-top-margin'     ><p>\n<style type=\"text\/css\" data-created_by=\"avia_inline_auto\" id=\"style-css-av-mmxov2kh-862d8ad01fe61abcefadd5af9bfe8200\">\n#top .av-special-heading.av-mmxov2kh-862d8ad01fe61abcefadd5af9bfe8200{\npadding-bottom:10px;\n}\nbody .av-special-heading.av-mmxov2kh-862d8ad01fe61abcefadd5af9bfe8200 .av-special-heading-tag .heading-char{\nfont-size:25px;\n}\n.av-special-heading.av-mmxov2kh-862d8ad01fe61abcefadd5af9bfe8200 .av-subheading{\nfont-size:15px;\n}\n<\/style>\n<div  id=\"winweb\"  class='av-special-heading av-mmxov2kh-862d8ad01fe61abcefadd5af9bfe8200 av-special-heading-h2  avia-builder-el-18  el_before_av_textblock  avia-builder-el-first '><h2 class='av-special-heading-tag '  itemprop=\"headline\"  >Front End<\/h2><div class=\"special-heading-border\"><div class=\"special-heading-inner-border\"><\/div><\/div><\/div><br \/>\n<section  class='av_textblock_section av-mmxov6lr-9593d1751f86b6628c24f8b3670c8da2 '   itemscope=\"itemscope\" itemtype=\"https:\/\/schema.org\/CreativeWork\" ><div class='avia_textblock'  itemprop=\"text\" ><p>Su audiencia espera una experiencia fluida en todos los dispositivos. winWeb ofrece navegaci\u00f3n de alta calidad y sin interrupciones en tabletas, smartphones y ordenadores de escritorio. Funciones como bibliotecas de canciones integradas en Hits, programaciones de programas y calendarios de eventos mejoran la participaci\u00f3n y satisfacci\u00f3n del usuario.<\/p>\n<\/div><\/section><\/p><\/div>\n<style type=\"text\/css\" data-created_by=\"avia_inline_auto\" id=\"style-css-av-72n5sbzqf-6ae6b73ea2153b0e490dd486a7d0e46a\">\n.flex_column.av-72n5sbzqf-6ae6b73ea2153b0e490dd486a7d0e46a{\nborder-radius:30px 30px 30px 30px;\npadding:30px 30px 30px 30px;\nbackground-color:#ffffff;\nbackground:linear-gradient( to top, #ffffff, #eeeeee );\n}\n<\/style>\n<div  class='flex_column av-72n5sbzqf-6ae6b73ea2153b0e490dd486a7d0e46a av_one_half  avia-builder-el-20  el_after_av_one_half  avia-builder-el-last  flex_column_div  column-top-margin'     ><p>\n<style type=\"text\/css\" data-created_by=\"avia_inline_auto\" id=\"style-css-av-mmxouc2v-4cf15de4d6edd1f2850500d965c9fca7\">\n#top .av-special-heading.av-mmxouc2v-4cf15de4d6edd1f2850500d965c9fca7{\npadding-bottom:10px;\n}\nbody .av-special-heading.av-mmxouc2v-4cf15de4d6edd1f2850500d965c9fca7 .av-special-heading-tag .heading-char{\nfont-size:25px;\n}\n.av-special-heading.av-mmxouc2v-4cf15de4d6edd1f2850500d965c9fca7 .av-subheading{\nfont-size:15px;\n}\n<\/style>\n<div  id=\"winweb\"  class='av-special-heading av-mmxouc2v-4cf15de4d6edd1f2850500d965c9fca7 av-special-heading-h2  avia-builder-el-21  el_before_av_textblock  avia-builder-el-first '><h2 class='av-special-heading-tag '  itemprop=\"headline\"  >Back Office<\/h2><div class=\"special-heading-border\"><div class=\"special-heading-inner-border\"><\/div><\/div><\/div><br \/>\n<section  class='av_textblock_section av-mmxoujjk-666f4159f895f7b10cf7bf3fb7d4bc94 '   itemscope=\"itemscope\" itemtype=\"https:\/\/schema.org\/CreativeWork\" ><div class='avia_textblock'  itemprop=\"text\" ><p>Los canales de radio y televisi\u00f3n necesitan una gesti\u00f3n digital eficiente. Nuestro software permite a los equipos gestionar contenido e integrar redes sociales sin esfuerzo. Su interfaz intuitiva y la integraci\u00f3n con la base de datos de winmedia en tiempo real garantizan una publicaci\u00f3n de contenido fluida y una s\u00f3lida presencia en l\u00ednea. Los usuarios pueden crear f\u00e1cilmente sus sitios web utilizando plantillas personalizables, haci\u00e9ndolo accesible para todos.<\/p>\n<\/div><\/section><\/p><\/div>\n\n<\/div><\/div><\/div><!-- close content main div --><\/div><\/div>\n<style type=\"text\/css\" data-created_by=\"avia_inline_auto\" id=\"style-css-av-etuozep47-6b8505c9a50d1233d2096660625771a2\">\n.avia-section.av-etuozep47-6b8505c9a50d1233d2096660625771a2{\nbackground-color:#eeeeee;\nbackground-image:unset;\n}\n<\/style>\n<div id='av_section_2'  class='avia-section av-etuozep47-6b8505c9a50d1233d2096660625771a2 main_color avia-section-large avia-no-border-styling  avia-builder-el-23  el_after_av_section  avia-builder-el-last  avia-bg-style-scroll container_wrap fullsize'  ><div class='container av-section-cont-open' ><div class='template-page content  av-content-full alpha units'><div class='post-entry post-entry-type-page post-entry-913593914'><div class='entry-content-wrapper clearfix'>\n<div class='flex_column_table av-dcjci2x0n-4fdd9151292a75f713b1279c1f57f748 sc-av_two_third av-equal-height-column-flextable'>\n<style type=\"text\/css\" data-created_by=\"avia_inline_auto\" id=\"style-css-av-dcjci2x0n-4fdd9151292a75f713b1279c1f57f748\">\n.flex_column.av-dcjci2x0n-4fdd9151292a75f713b1279c1f57f748{\npadding:30px 30px 30px 30px;\nbackground-color:#ffffff;\nbackground:linear-gradient( to top, #ffffff, #eeeeee );\n}\n<\/style>\n<div  class='flex_column av-dcjci2x0n-4fdd9151292a75f713b1279c1f57f748 av_two_third  avia-builder-el-24  el_before_av_one_third  avia-builder-el-first  first flex_column_table_cell av-equal-height-column av-align-middle  '     ><p>\n<style type=\"text\/css\" data-created_by=\"avia_inline_auto\" id=\"style-css-av-a8rz707mv-6baf2c544e319299ce518f7c184ec9b1\">\n#top .av-special-heading.av-a8rz707mv-6baf2c544e319299ce518f7c184ec9b1{\npadding-bottom:10px;\n}\nbody .av-special-heading.av-a8rz707mv-6baf2c544e319299ce518f7c184ec9b1 .av-special-heading-tag .heading-char{\nfont-size:25px;\n}\n.av-special-heading.av-a8rz707mv-6baf2c544e319299ce518f7c184ec9b1 .av-subheading{\nfont-size:15px;\n}\n<\/style>\n<div  id=\"winweb\"  class='av-special-heading av-a8rz707mv-6baf2c544e319299ce518f7c184ec9b1 av-special-heading-h2  avia-builder-el-25  el_before_av_textblock  avia-builder-el-first '><h2 class='av-special-heading-tag '  itemprop=\"headline\"  >Beneficios clave<\/h2><div class=\"special-heading-border\"><div class=\"special-heading-inner-border\"><\/div><\/div><\/div><br \/>\n\n<style type=\"text\/css\" data-created_by=\"avia_inline_auto\" id=\"style-css-av-mmxow4he-a9de7627fd05405d0ea261269716ee92\">\n#top .av_textblock_section.av-mmxow4he-a9de7627fd05405d0ea261269716ee92 .avia_textblock{\ncolumn-count:2;\n}\n<\/style>\n<section  class='av_textblock_section av-mmxow4he-a9de7627fd05405d0ea261269716ee92 '   itemscope=\"itemscope\" itemtype=\"https:\/\/schema.org\/CreativeWork\" ><div class='avia_textblock av_multi_colums'  itemprop=\"text\" ><p>winWeb ofrece una agilidad mejorada, permitiendo a las emisoras adaptarse r\u00e1pidamente a las tendencias y tecnolog\u00edas medi\u00e1ticas cambiantes. Garantiza una distribuci\u00f3n de contenido r\u00e1pida y eficiente a diversas plataformas de internet, aprovechando herramientas de vanguardia para mantenerse a la vanguardia en un mercado competitivo. La flexibilidad multitemplate de winWeb satisface diversas necesidades de radiodifusi\u00f3n, ayudando a las emisoras a mantener una conexi\u00f3n s\u00f3lida con su audiencia en un panorama medi\u00e1tico din\u00e1mico.<\/p>\n<\/div><\/section><\/p><\/div><div class='av-flex-placeholder'><\/div>\n<style type=\"text\/css\" data-created_by=\"avia_inline_auto\" id=\"style-css-av-8u3q44trb-86bcb14069de005a3af50975785f8456\">\n.flex_column.av-8u3q44trb-86bcb14069de005a3af50975785f8456{\npadding:30px 30px 30px 30px;\n}\n<\/style>\n<div  class='flex_column av-8u3q44trb-86bcb14069de005a3af50975785f8456 av_one_third  avia-builder-el-27  el_after_av_two_third  avia-builder-el-last  flex_column_table_cell av-equal-height-column av-align-middle  '     ><div  class='avia-button-wrap av-6ltoh5v3b-861cf66d5a0baef175df02a4695cc3de-wrap avia_animated_button av-animated-when-visible-95 pop-up avia-button-center  avia-builder-el-28  avia-builder-el-no-sibling '>\n<style type=\"text\/css\" data-created_by=\"avia_inline_auto\" id=\"style-css-av-6ltoh5v3b-861cf66d5a0baef175df02a4695cc3de\">\n@keyframes av_sonarEffect_av-6ltoh5v3b-861cf66d5a0baef175df02a4695cc3de {\n  0% {opacity: 0.3;}\n 40% {opacity: 0.5; box-shadow: 0 0 0 2px rgba(255,255,255,0.1), 0 0 10px 10px #ffffff, 0 0 0 10px rgba(255,255,255,0.5);}\n100% {opacity: 0; box-shadow: 0 0 0 2px rgba(255,255,255,0.1), 0 0 10px 10px #ffffff, 0 0 0 10px rgba(255,255,255,0.5); transform: scale(1.5);}\n}\n.avia_transform  .avia-button-wrap.av-6ltoh5v3b-861cf66d5a0baef175df02a4695cc3de-wrap{\nanimation-duration:1.5s;\n}\n#top #wrap_all .avia-button.av-6ltoh5v3b-861cf66d5a0baef175df02a4695cc3de{\nborder-radius:30px 30px 30px 30px;\ntransition:all 0.4s ease-in-out;\n}\n#top #wrap_all.avia-button.av-6ltoh5v3b-861cf66d5a0baef175df02a4695cc3de:hover .avia_button_background{\nborder-radius:30px 30px 30px 30px;\n}\n.avia-button.av-6ltoh5v3b-861cf66d5a0baef175df02a4695cc3de.avia-sonar-shadow:after{\nborder-radius:30px 30px 30px 30px;\n}\n.avia-button.av-6ltoh5v3b-861cf66d5a0baef175df02a4695cc3de.avia-sonar-shadow:hover:after{\nanimation:av_sonarEffect_av-6ltoh5v3b-861cf66d5a0baef175df02a4695cc3de 1s ease-in-out;\n}\n<\/style>\n<a href='https:\/\/winmedia.fr\/es\/para-demostracion\/'  class='avia-button av-6ltoh5v3b-861cf66d5a0baef175df02a4695cc3de av-link-btn avia-icon_select-yes-right-icon avia-size-large avia-position-center avia-color-theme-color avia-sonar-shadow'   aria-label=\"Solicitar una demostraci\u00f3n\"><span class='avia_iconbox_title' >Solicitar una demostraci\u00f3n<\/span><span class='avia_button_icon avia_button_icon_right avia-svg-icon avia-font-svg_entypo-fontello' data-av_svg_icon='right-dir' data-av_iconset='svg_entypo-fontello'><svg version=\"1.1\" xmlns=\"http:\/\/www.w3.org\/2000\/svg\" width=\"13\" height=\"32\" viewBox=\"0 0 13 32\" preserveAspectRatio=\"xMidYMid meet\" aria-labelledby='av-svg-title-1' aria-describedby='av-svg-desc-1' role=\"graphics-symbol\">\n<title id='av-svg-title-1'>Right-dir<\/title>\n<desc id='av-svg-desc-1'>Right-dir<\/desc>\n<path d=\"M0 8.64l12.8 7.36-12.8 7.36v-14.72z\"><\/path>\n<\/svg><\/span><\/a><\/div><\/div><\/div><!--close column table wrapper. Autoclose: 1 -->\n","protected":false},"excerpt":{"rendered":"","protected":false},"author":2,"featured_media":913593912,"parent":0,"menu_order":0,"comment_status":"closed","ping_status":"closed","template":"","meta":{"footnotes":""},"class_list":["post-913593914","page","type-page","status-publish","has-post-thumbnail","hentry"],"_links":{"self":[{"href":"https:\/\/winmedia.fr\/es\/wp-json\/wp\/v2\/pages\/913593914","targetHints":{"allow":["GET"]}}],"collection":[{"href":"https:\/\/winmedia.fr\/es\/wp-json\/wp\/v2\/pages"}],"about":[{"href":"https:\/\/winmedia.fr\/es\/wp-json\/wp\/v2\/types\/page"}],"author":[{"embeddable":true,"href":"https:\/\/winmedia.fr\/es\/wp-json\/wp\/v2\/users\/2"}],"replies":[{"embeddable":true,"href":"https:\/\/winmedia.fr\/es\/wp-json\/wp\/v2\/comments?post=913593914"}],"version-history":[{"count":12,"href":"https:\/\/winmedia.fr\/es\/wp-json\/wp\/v2\/pages\/913593914\/revisions"}],"predecessor-version":[{"id":913594403,"href":"https:\/\/winmedia.fr\/es\/wp-json\/wp\/v2\/pages\/913593914\/revisions\/913594403"}],"wp:featuredmedia":[{"embeddable":true,"href":"https:\/\/winmedia.fr\/es\/wp-json\/wp\/v2\/media\/913593912"}],"wp:attachment":[{"href":"https:\/\/winmedia.fr\/es\/wp-json\/wp\/v2\/media?parent=913593914"}],"curies":[{"name":"wp","href":"https:\/\/api.w.org\/{rel}","templated":true}]}}