{"id":913593938,"date":"2026-03-20T19:34:58","date_gmt":"2026-03-20T19:34:58","guid":{"rendered":"https:\/\/winmedia.fr\/winapps\/"},"modified":"2026-04-06T15:08:20","modified_gmt":"2026-04-06T15:08:20","slug":"winapps","status":"publish","type":"page","link":"https:\/\/winmedia.fr\/es\/winapps\/","title":{"rendered":"winApps"},"content":{"rendered":"<div id='av-layout-grid-1'  class='av-layout-grid-container av-djei1e1v9-71b13ae637a1ec35f64fcef84a05a0dc entry-content-wrapper main_color av-flex-cells  avia-builder-el-0  el_before_av_one_full  avia-builder-el-first   container_wrap fullsize'  >\n<div class='flex_cell av-8ziiasbn9-89dd92b7d031f59bcebe1b4a6d41f3c9 av-gridrow-cell av_one_third no_margin  avia-builder-el-1  el_before_av_cell_two_third  avia-builder-el-first '  ><div class='flex_cell_inner'><p>\n<style type=\"text\/css\" data-created_by=\"avia_inline_auto\" id=\"style-css-av-1d26c81m2d-7abec5c995ee54cba99dac41bf22f556\">\n.flex_column.av-1d26c81m2d-7abec5c995ee54cba99dac41bf22f556{\nborder-radius:0 0 15px 15px;\npadding:40px 15px 10px 15px;\nbackground-color:#ef7d00;\n}\n<\/style>\n<div  class='flex_column av-1d26c81m2d-7abec5c995ee54cba99dac41bf22f556 av_one_full  avia-builder-el-2  el_before_av_one_full  avia-builder-el-first  first flex_column_div  '     ><style type=\"text\/css\" data-created_by=\"avia_inline_auto\" id=\"style-css-av-4bd2t7g1h-875bbe15371990a63038dd0fdf9d42e8\">\n.avia-image-container.av-4bd2t7g1h-875bbe15371990a63038dd0fdf9d42e8 img.avia_image{\nbox-shadow:none;\n}\n.avia-image-container.av-4bd2t7g1h-875bbe15371990a63038dd0fdf9d42e8 .av-image-caption-overlay-center{\ncolor:#ffffff;\n}\n<\/style>\n<div  class='avia-image-container av-4bd2t7g1h-875bbe15371990a63038dd0fdf9d42e8 av-styling- avia-align-center  avia-builder-el-3  avia-builder-el-no-sibling '   itemprop=\"image\" itemscope=\"itemscope\" itemtype=\"https:\/\/schema.org\/ImageObject\" ><div class=\"avia-image-container-inner\"><div class=\"avia-image-overlay-wrap\"><img decoding=\"async\" fetchpriority=\"high\" class='wp-image-913593935 avia-img-lazy-loading-not-913593935 avia_image ' src=\"https:\/\/winmedia.fr\/wp-content\/uploads\/2026\/03\/logo-winapps-300x90.png\" alt='' title='logotipo winapps'  height=\"90\" width=\"300\"  itemprop=\"thumbnailUrl\" srcset=\"https:\/\/winmedia.fr\/wp-content\/uploads\/2026\/03\/logo-winapps-300x90.png 300w, https:\/\/winmedia.fr\/wp-content\/uploads\/2026\/03\/logo-winapps-495x150.png 495w, https:\/\/winmedia.fr\/wp-content\/uploads\/2026\/03\/logo-winapps-24x7.png 24w, https:\/\/winmedia.fr\/wp-content\/uploads\/2026\/03\/logo-winapps.png 500w\" sizes=\"(max-width: 300px) 100vw, 300px\" \/><\/div><\/div><\/div><\/div><div  class='flex_column av-13nh42jegl-1ec313e9b6d1ba052059c98e87fd68e0 av_one_full  avia-builder-el-4  el_after_av_one_full  avia-builder-el-last  first flex_column_div  column-top-margin'     ><style type=\"text\/css\" data-created_by=\"avia_inline_auto\" id=\"style-css-av-mmza8onw-2cae58dfce60f9b5d5ae9134f97f4291\">\n#top .av-special-heading.av-mmza8onw-2cae58dfce60f9b5d5ae9134f97f4291{\npadding-bottom:13px;\n}\nbody .av-special-heading.av-mmza8onw-2cae58dfce60f9b5d5ae9134f97f4291 .av-special-heading-tag .heading-char{\nfont-size:25px;\n}\n.av-special-heading.av-mmza8onw-2cae58dfce60f9b5d5ae9134f97f4291 .av-subheading{\nfont-size:15px;\n}\n<\/style>\n<div  id=\"titrepage\"  class='av-special-heading av-mmza8onw-2cae58dfce60f9b5d5ae9134f97f4291 av-special-heading-h3 blockquote modern-quote modern-right  avia-builder-el-5  avia-builder-el-no-sibling '><h3 class='av-special-heading-tag '  itemprop=\"headline\"  >CMS &#8211; Tel\u00e9fono &#8211; Android\/iOS\/Windows<\/h3><div class=\"special-heading-border\"><div class=\"special-heading-inner-border\"><\/div><\/div><\/div><\/div><\/p>\n<\/div><\/div><div class='flex_cell av-59twevab9-300edc823deb6342dcc7bb9e4a724373 av-gridrow-cell av_two_third no_margin  avia-builder-el-6  el_after_av_cell_one_third  avia-builder-el-last '  ><div class='flex_cell_inner'><div  class='flex_column av-7gx801hpx-4197eaaec6c71797228e8d04101f7ae1 av_one_full  avia-builder-el-7  avia-builder-el-no-sibling  first flex_column_div  '     ><style type=\"text\/css\" data-created_by=\"avia_inline_auto\" id=\"style-css-av-mmzahvan-72181da7884cc0f793cf6701b36c61af\">\n.avia-image-container.av-mmzahvan-72181da7884cc0f793cf6701b36c61af img.avia_image{\nbox-shadow:none;\n}\n.avia-image-container.av-mmzahvan-72181da7884cc0f793cf6701b36c61af .av-image-caption-overlay-center{\ncolor:#ffffff;\n}\n<\/style>\n<div  id=\"ronds\"  class='avia-image-container av-mmzahvan-72181da7884cc0f793cf6701b36c61af av-styling- avia-align-center  avia-builder-el-8  avia-builder-el-no-sibling '   itemprop=\"image\" itemscope=\"itemscope\" itemtype=\"https:\/\/schema.org\/ImageObject\" ><div class=\"avia-image-container-inner\"><div class=\"avia-image-overlay-wrap\"><img decoding=\"async\" fetchpriority=\"high\" class='wp-image-913594245 avia-img-lazy-loading-not-913594245 avia_image ' src=\"https:\/\/winmedia.fr\/wp-content\/uploads\/2026\/04\/winApp-index.jpg\" alt='' title='winApp index'  height=\"606\" width=\"1000\"  itemprop=\"thumbnailUrl\" srcset=\"https:\/\/winmedia.fr\/wp-content\/uploads\/2026\/04\/winApp-index.jpg 1000w, https:\/\/winmedia.fr\/wp-content\/uploads\/2026\/04\/winApp-index-300x182.jpg 300w, https:\/\/winmedia.fr\/wp-content\/uploads\/2026\/04\/winApp-index-768x465.jpg 768w, https:\/\/winmedia.fr\/wp-content\/uploads\/2026\/04\/winApp-index-705x427.jpg 705w, https:\/\/winmedia.fr\/wp-content\/uploads\/2026\/04\/winApp-index-24x15.jpg 24w\" sizes=\"(max-width: 1000px) 100vw, 1000px\" \/><\/div><\/div><\/div><\/div>\n<\/div><\/div><\/div><div id='after_grid_row_1'  class='main_color av_default_container_wrap container_wrap fullsize'  ><div class='container av-section-cont-open' ><div class='template-page content  av-content-full alpha units'><div class='post-entry post-entry-type-page post-entry-913593938'><div class='entry-content-wrapper clearfix'>\n<style type=\"text\/css\" data-created_by=\"avia_inline_auto\" id=\"style-css-av-11u0f8zp4l-8e5812655b20a412f76962bf71c17b25\">\n.flex_column.av-11u0f8zp4l-8e5812655b20a412f76962bf71c17b25{\nborder-radius:30px 30px 30px 30px;\npadding:30px 30px 30px 30px;\nbackground-color:#5e5e5e;\n}\n<\/style>\n<div  class='flex_column av-11u0f8zp4l-8e5812655b20a412f76962bf71c17b25 av_one_full  avia-builder-el-9  el_after_av_layout_row  el_before_av_section  avia-builder-el-no-sibling  first flex_column_div  '     ><style type=\"text\/css\" data-created_by=\"avia_inline_auto\" id=\"style-css-av-mmza9p8k-390da31161e254c27d52cd2198d2d040\">\n#top .av_textblock_section.av-mmza9p8k-390da31161e254c27d52cd2198d2d040 .avia_textblock{\ncolor:#ffffff;\n}\n<\/style>\n<section  class='av_textblock_section av-mmza9p8k-390da31161e254c27d52cd2198d2d040 '   itemscope=\"itemscope\" itemtype=\"https:\/\/schema.org\/CreativeWork\" ><div class='avia_textblock av_inherit_color'  itemprop=\"text\" ><h2><img decoding=\"async\" class=\"alignnone size-full wp-image-913593867\" src=\"https:\/\/winmedia.fr\/wp-content\/uploads\/2026\/03\/intro-winApps.png\" alt=\"\" width=\"103\" height=\"76\" srcset=\"https:\/\/winmedia.fr\/wp-content\/uploads\/2026\/03\/intro-winApps.png 103w, https:\/\/winmedia.fr\/wp-content\/uploads\/2026\/03\/intro-winApps-24x18.png 24w\" sizes=\"(max-width: 103px) 100vw, 103px\" \/>Del sitio web a las aplicaciones<\/h2>\n<p>WinApps, el \u00faltimo servicio basado en la nube de winMedia, ayuda a los organismos de radiodifusi\u00f3n y televisi\u00f3n a dise\u00f1ar, crear y publicar aplicaciones de emisoras para iOS, Android y otros dispositivos conectados sin necesidad de conocimientos de programaci\u00f3n.<\/p>\n<\/div><\/section><\/div><\/p>\n<\/div><\/div><\/div><!-- close content main div --><\/div><\/div><div id='winmam'  class='avia-section av-u5ytipofp-a19dbd2e8f1b88e21bd78b3d8b9ec08a main_color avia-section-default avia-no-border-styling  avia-builder-el-11  el_after_av_one_full  el_before_av_section  avia-bg-style-scroll container_wrap fullsize'  ><div class='container av-section-cont-open' ><div class='template-page content  av-content-full alpha units'><div class='post-entry post-entry-type-page post-entry-913593938'><div class='entry-content-wrapper clearfix'>\n\n<style type=\"text\/css\" data-created_by=\"avia_inline_auto\" id=\"style-css-av-zc3jaii2d-9fe9ba381c16af6f91aa1368733bdac2\">\n.flex_column.av-zc3jaii2d-9fe9ba381c16af6f91aa1368733bdac2{\nborder-radius:30px 30px 30px 30px;\npadding:30px 30px 30px 30px;\nbackground-color:#f7f7f7;\nbackground:linear-gradient( to top, #f7f7f7, #eeeeee );\n}\n<\/style>\n<div  class='flex_column av-zc3jaii2d-9fe9ba381c16af6f91aa1368733bdac2 av_one_full  avia-builder-el-12  el_before_av_one_half  avia-builder-el-first  first flex_column_div  '     ><p>\n<style type=\"text\/css\" data-created_by=\"avia_inline_auto\" id=\"style-css-av-mmzaa3lt-182df5dbb836c6dd226eb86e32711f9e\">\n#top .av-special-heading.av-mmzaa3lt-182df5dbb836c6dd226eb86e32711f9e{\npadding-bottom:10px;\n}\nbody .av-special-heading.av-mmzaa3lt-182df5dbb836c6dd226eb86e32711f9e .av-special-heading-tag .heading-char{\nfont-size:25px;\n}\n.av-special-heading.av-mmzaa3lt-182df5dbb836c6dd226eb86e32711f9e .av-subheading{\nfont-size:15px;\n}\n<\/style>\n<div  id=\"winapps\"  class='av-special-heading av-mmzaa3lt-182df5dbb836c6dd226eb86e32711f9e av-special-heading-h2  avia-builder-el-13  el_before_av_image  avia-builder-el-first '><h2 class='av-special-heading-tag '  itemprop=\"headline\"  >Dise\u00f1e como desee<\/h2><div class=\"special-heading-border\"><div class=\"special-heading-inner-border\"><\/div><\/div><\/div><br \/>\n\n<style type=\"text\/css\" data-created_by=\"avia_inline_auto\" id=\"style-css-av-oqq33bw5-8d5319770249b81483e2061972092c06\">\n.avia-image-container.av-oqq33bw5-8d5319770249b81483e2061972092c06 img.avia_image{\nbox-shadow:none;\n}\n.avia-image-container.av-oqq33bw5-8d5319770249b81483e2061972092c06 .av-image-caption-overlay-center{\ncolor:#ffffff;\n}\n<\/style>\n<div  id=\"ronds\"  class='avia-image-container av-oqq33bw5-8d5319770249b81483e2061972092c06 av-styling- avia-align-center  avia-builder-el-14  el_after_av_heading  el_before_av_textblock '   itemprop=\"image\" itemscope=\"itemscope\" itemtype=\"https:\/\/schema.org\/ImageObject\" ><div class=\"avia-image-container-inner\"><div class=\"avia-image-overlay-wrap\"><img decoding=\"async\" fetchpriority=\"high\" class='wp-image-913593936 avia-img-lazy-loading-not-913593936 avia_image ' src=\"https:\/\/winmedia.fr\/wp-content\/uploads\/2026\/03\/winApps-backoffice.jpg\" alt='' title='Back-office winApps'  height=\"623\" width=\"1000\"  itemprop=\"thumbnailUrl\" srcset=\"https:\/\/winmedia.fr\/wp-content\/uploads\/2026\/03\/winApps-backoffice.jpg 1000w, https:\/\/winmedia.fr\/wp-content\/uploads\/2026\/03\/winApps-backoffice-300x187.jpg 300w, https:\/\/winmedia.fr\/wp-content\/uploads\/2026\/03\/winApps-backoffice-768x478.jpg 768w, https:\/\/winmedia.fr\/wp-content\/uploads\/2026\/03\/winApps-backoffice-705x439.jpg 705w, https:\/\/winmedia.fr\/wp-content\/uploads\/2026\/03\/winApps-backoffice-24x15.jpg 24w\" sizes=\"(max-width: 1000px) 100vw, 1000px\" \/><\/div><\/div><\/div><br \/>\n<section  class='av_textblock_section av-mmzab02f-43e9ac4cc23a6ab10be0a160b280d2cb '   itemscope=\"itemscope\" itemtype=\"https:\/\/schema.org\/CreativeWork\" ><div class='avia_textblock'  itemprop=\"text\" ><h6>Backoffice<\/h6>\n<\/div><\/section><br \/>\n<section  class='av_textblock_section av-mmzaa9y9-508d0754ff4a5b7453aef1d5f69ad3b3 '   itemscope=\"itemscope\" itemtype=\"https:\/\/schema.org\/CreativeWork\" ><div class='avia_textblock'  itemprop=\"text\" ><p>Todo eso ya no es necesario porque ahora dispone de winApps, el nuevo servicio basado en la nube lanzado por winMedia como una segunda herramienta muy potente junto al m\u00f3dulo winWeb ya disponible.<br \/>\nMediante una interfaz web muy intuitiva y f\u00e1cil de usar, con winApp puede crear su aplicaci\u00f3n en solo unos clics sin necesidad de conocimientos de programaci\u00f3n.<br \/>\nCualquier persona con un port\u00e1til o una tableta que tenga un navegador puede dise\u00f1ar, crear, publicar y monetizar sus propias aplicaciones m\u00f3viles para iOS, Android o Windows, totalmente adaptables tanto a pantallas de tel\u00e9fonos m\u00f3viles, tabletas, port\u00e1tiles o PC de sobremesa.<\/p>\n<\/div><\/section><\/p><\/div><div  class='flex_column av-m3u1nc7w5-c4f6fc3166d4cb431ef8fa0ab2d38f90 av_one_half  avia-builder-el-17  el_after_av_one_full  el_before_av_one_half  first flex_column_div  column-top-margin'     ><style type=\"text\/css\" data-created_by=\"avia_inline_auto\" id=\"style-css-av-mmzat1c5-dcc6f3357cff12c99c55a3238482bdb2\">\n.avia-image-container.av-mmzat1c5-dcc6f3357cff12c99c55a3238482bdb2 img.avia_image{\nbox-shadow:none;\n}\n.avia-image-container.av-mmzat1c5-dcc6f3357cff12c99c55a3238482bdb2 .av-image-caption-overlay-center{\ncolor:#ffffff;\n}\n<\/style>\n<div  id=\"ronds\"  class='avia-image-container av-mmzat1c5-dcc6f3357cff12c99c55a3238482bdb2 av-styling- avia-align-center  avia-builder-el-18  avia-builder-el-no-sibling '   itemprop=\"image\" itemscope=\"itemscope\" itemtype=\"https:\/\/schema.org\/ImageObject\" ><div class=\"avia-image-container-inner\"><div class=\"avia-image-overlay-wrap\"><img decoding=\"async\" fetchpriority=\"high\" class='wp-image-913593937 avia-img-lazy-loading-not-913593937 avia_image ' src=\"https:\/\/winmedia.fr\/wp-content\/uploads\/2026\/03\/winapps-podcast.jpg\" alt='' title='winApps'  height=\"1063\" width=\"800\"  itemprop=\"thumbnailUrl\" srcset=\"https:\/\/winmedia.fr\/wp-content\/uploads\/2026\/03\/winapps-podcast.jpg 800w, https:\/\/winmedia.fr\/wp-content\/uploads\/2026\/03\/winapps-podcast-226x300.jpg 226w, https:\/\/winmedia.fr\/wp-content\/uploads\/2026\/03\/winapps-podcast-775x1030.jpg 775w, https:\/\/winmedia.fr\/wp-content\/uploads\/2026\/03\/winapps-podcast-768x1020.jpg 768w, https:\/\/winmedia.fr\/wp-content\/uploads\/2026\/03\/winapps-podcast-531x705.jpg 531w, https:\/\/winmedia.fr\/wp-content\/uploads\/2026\/03\/winapps-podcast-18x24.jpg 18w\" sizes=\"(max-width: 800px) 100vw, 800px\" \/><\/div><\/div><\/div><\/div>\n<style type=\"text\/css\" data-created_by=\"avia_inline_auto\" id=\"style-css-av-rcfvtqbjp-5f1043edf3470582d5b530430e4cb73a\">\n.flex_column.av-rcfvtqbjp-5f1043edf3470582d5b530430e4cb73a{\nborder-radius:30px 30px 30px 30px;\npadding:30px 30px 30px 30px;\nbackground-color:#f7f7f7;\nbackground:linear-gradient( to top, #f7f7f7, #eeeeee );\n}\n<\/style>\n<div  class='flex_column av-rcfvtqbjp-5f1043edf3470582d5b530430e4cb73a av_one_half  avia-builder-el-19  el_after_av_one_half  avia-builder-el-last  flex_column_div  column-top-margin'     ><p>\n<style type=\"text\/css\" data-created_by=\"avia_inline_auto\" id=\"style-css-av-mmzabmv6-b9380687c39cfb98d88e207c1124c161\">\n#top .av-special-heading.av-mmzabmv6-b9380687c39cfb98d88e207c1124c161{\npadding-bottom:10px;\n}\nbody .av-special-heading.av-mmzabmv6-b9380687c39cfb98d88e207c1124c161 .av-special-heading-tag .heading-char{\nfont-size:25px;\n}\n.av-special-heading.av-mmzabmv6-b9380687c39cfb98d88e207c1124c161 .av-subheading{\nfont-size:15px;\n}\n<\/style>\n<div  id=\"winapps\"  class='av-special-heading av-mmzabmv6-b9380687c39cfb98d88e207c1124c161 av-special-heading-h2  avia-builder-el-20  el_before_av_textblock  avia-builder-el-first '><h2 class='av-special-heading-tag '  itemprop=\"headline\"  >Publique como desee<\/h2><div class=\"special-heading-border\"><div class=\"special-heading-inner-border\"><\/div><\/div><\/div><br \/>\n<section  class='av_textblock_section av-mmzabu2z-00f01a2a9c596f1bb1263ff8120d48db '   itemscope=\"itemscope\" itemtype=\"https:\/\/schema.org\/CreativeWork\" ><div class='avia_textblock'  itemprop=\"text\" ><p>winApps le ofrece el poder de tener sus transmisiones de audio, v\u00eddeo en directo o p\u00f3dcast al alcance de su mano. Puede integrar fuentes RSS, programar sus eventos y enviarlos autom\u00e1ticamente a sus usuarios. \u00a1Hay tantas cosas que hasta ahora quiz\u00e1 no se hab\u00eda atrevido a esperar, y todo esto incluye incluso la capacidad de realizar pruebas previas al lanzamiento en el modo Vista previa!<br \/>\nMantener el contenido de sus aplicaciones actualizado nunca fue tan f\u00e1cil como con winApps.<br \/>\nUsted mismo lo hace en cuesti\u00f3n de minutos directamente a trav\u00e9s de su cuenta de winApps y todos sus datos se respaldan y se mantienen seguros en su cuenta de nube designada.<br \/>\n\u00a1Con winApps realmente podr\u00e1 llegar a los usuarios en cualquier pantalla!<\/p>\n<\/div><\/section><\/p><\/div><\/div><\/div><\/div><!-- close content main div --><\/div><\/div>\n<style type=\"text\/css\" data-created_by=\"avia_inline_auto\" id=\"style-css-av-iemw7n27p-ae5b17abbfc2f3acf1572e5a4697bfe2\">\n.avia-section.av-iemw7n27p-ae5b17abbfc2f3acf1572e5a4697bfe2{\nbackground-color:#eeeeee;\nbackground-image:unset;\n}\n<\/style>\n<div id='av_section_2'  class='avia-section av-iemw7n27p-ae5b17abbfc2f3acf1572e5a4697bfe2 main_color avia-section-large avia-no-border-styling  avia-builder-el-22  el_after_av_section  avia-builder-el-last  avia-bg-style-scroll container_wrap fullsize'  ><div class='container av-section-cont-open' ><div class='template-page content  av-content-full alpha units'><div class='post-entry post-entry-type-page post-entry-913593938'><div class='entry-content-wrapper clearfix'>\n\n<style type=\"text\/css\" data-created_by=\"avia_inline_auto\" id=\"style-css-av-mmzbo0yl-3568cc6a6f9367e0224d751e761de6f5\">\n#top .hr.hr-invisible.av-mmzbo0yl-3568cc6a6f9367e0224d751e761de6f5{\nheight:30px;\n}\n<\/style>\n<div  class='hr av-mmzbo0yl-3568cc6a6f9367e0224d751e761de6f5 hr-invisible  avia-builder-el-23  el_before_av_three_fourth  avia-builder-el-first '><span class='hr-inner '><span class=\"hr-inner-style\"><\/span><\/span><\/div>\n<div class='flex_column_table av-fdldj9kol-f894055bd6a6a07d75644ecfca198fd2 sc-av_three_fourth av-equal-height-column-flextable'>\n<style type=\"text\/css\" data-created_by=\"avia_inline_auto\" id=\"style-css-av-fdldj9kol-f894055bd6a6a07d75644ecfca198fd2\">\n.flex_column.av-fdldj9kol-f894055bd6a6a07d75644ecfca198fd2{\npadding:30px 30px 30px 30px;\nbackground-color:#ffffff;\nbackground:linear-gradient( to top, #ffffff, #eeeeee );\n}\n<\/style>\n<div  class='flex_column av-fdldj9kol-f894055bd6a6a07d75644ecfca198fd2 av_three_fourth  avia-builder-el-24  el_after_av_hr  el_before_av_one_fourth  first flex_column_table_cell av-equal-height-column av-align-middle  '     ><p>\n<style type=\"text\/css\" data-created_by=\"avia_inline_auto\" id=\"style-css-av-b54zzxf5h-8e8c4067d1a16958370dbd44d9a15b4c\">\n#top .av-special-heading.av-b54zzxf5h-8e8c4067d1a16958370dbd44d9a15b4c{\npadding-bottom:10px;\n}\nbody .av-special-heading.av-b54zzxf5h-8e8c4067d1a16958370dbd44d9a15b4c .av-special-heading-tag .heading-char{\nfont-size:25px;\n}\n.av-special-heading.av-b54zzxf5h-8e8c4067d1a16958370dbd44d9a15b4c .av-subheading{\nfont-size:15px;\n}\n<\/style>\n<div  id=\"winapps\"  class='av-special-heading av-b54zzxf5h-8e8c4067d1a16958370dbd44d9a15b4c av-special-heading-h2  avia-builder-el-25  el_before_av_textblock  avia-builder-el-first '><h2 class='av-special-heading-tag '  itemprop=\"headline\"  >Beneficios clave<\/h2><div class=\"special-heading-border\"><div class=\"special-heading-inner-border\"><\/div><\/div><\/div><br \/>\n\n<style type=\"text\/css\" data-created_by=\"avia_inline_auto\" id=\"style-css-av-mmzadelv-f4e4d171a5a5822f312e497c9300ea07\">\n#top .av_textblock_section.av-mmzadelv-f4e4d171a5a5822f312e497c9300ea07 .avia_textblock{\ncolumn-count:2;\n}\n<\/style>\n<section  class='av_textblock_section av-mmzadelv-f4e4d171a5a5822f312e497c9300ea07 '   itemscope=\"itemscope\" itemtype=\"https:\/\/schema.org\/CreativeWork\" ><div class='avia_textblock av_multi_colums'  itemprop=\"text\" ><ul>\n<li>Ecosistema unificado que conecta todas sus aplicaciones multimedia en una sola plataforma<\/li>\n<li>Integraci\u00f3n perfecta con toda la suite WinMedia<\/li>\n<li>Sincronizaci\u00f3n en tiempo real en todos los m\u00f3dulos y usuarios<\/li>\n<li>Herramientas impulsadas por IA para automatizar y mejorar los flujos de trabajo<\/li>\n<li>Implementaci\u00f3n en la nube y local para una m\u00e1xima flexibilidad<\/li>\n<li>Acceso desde cualquier lugar a trav\u00e9s de modernas interfaces web<\/li>\n<li>Arquitectura escalable desde peque\u00f1as emisoras hasta grandes redes<\/li>\n<li>Enfoque modular: use solo lo que necesite, cuando lo necesite<\/li>\n<li>Seguro por dise\u00f1o con fiabilidad de nivel empresarial<\/li>\n<li>Creado para radiodifusores con flujos de trabajo intuitivos y listos para la producci\u00f3n<\/li>\n<\/ul>\n<\/div><\/section><\/p><\/div><div class='av-flex-placeholder'><\/div><div  class='flex_column av-7ku97wxrp-777fbb6b41f81dbfd513d332af6f999f av_one_fourth  avia-builder-el-27  el_after_av_three_fourth  avia-builder-el-last  flex_column_table_cell av-equal-height-column av-align-middle  '     ><div  class='avia-button-wrap av-4ytfyy8l1-89a36ab4dd04bc87982d78f7b562d449-wrap avia_animated_button av-animated-when-visible-95 pop-up avia-button-center  avia-builder-el-28  avia-builder-el-no-sibling '>\n<style type=\"text\/css\" data-created_by=\"avia_inline_auto\" id=\"style-css-av-4ytfyy8l1-89a36ab4dd04bc87982d78f7b562d449\">\n@keyframes av_sonarEffect_av-4ytfyy8l1-89a36ab4dd04bc87982d78f7b562d449 {\n  0% {opacity: 0.3;}\n 40% {opacity: 0.5; box-shadow: 0 0 0 2px rgba(255,255,255,0.1), 0 0 10px 10px #ffffff, 0 0 0 10px rgba(255,255,255,0.5);}\n100% {opacity: 0; box-shadow: 0 0 0 2px rgba(255,255,255,0.1), 0 0 10px 10px #ffffff, 0 0 0 10px rgba(255,255,255,0.5); transform: scale(1.5);}\n}\n.avia_transform  .avia-button-wrap.av-4ytfyy8l1-89a36ab4dd04bc87982d78f7b562d449-wrap{\nanimation-duration:1.5s;\n}\n#top #wrap_all .avia-button.av-4ytfyy8l1-89a36ab4dd04bc87982d78f7b562d449{\nborder-radius:30px 30px 30px 30px;\ntransition:all 0.4s ease-in-out;\n}\n#top #wrap_all.avia-button.av-4ytfyy8l1-89a36ab4dd04bc87982d78f7b562d449:hover .avia_button_background{\nborder-radius:30px 30px 30px 30px;\n}\n.avia-button.av-4ytfyy8l1-89a36ab4dd04bc87982d78f7b562d449.avia-sonar-shadow:after{\nborder-radius:30px 30px 30px 30px;\n}\n.avia-button.av-4ytfyy8l1-89a36ab4dd04bc87982d78f7b562d449.avia-sonar-shadow:hover:after{\nanimation:av_sonarEffect_av-4ytfyy8l1-89a36ab4dd04bc87982d78f7b562d449 1s ease-in-out;\n}\n<\/style>\n<a href='https:\/\/winmedia.fr\/es\/para-demostracion\/'  class='avia-button av-4ytfyy8l1-89a36ab4dd04bc87982d78f7b562d449 av-link-btn avia-icon_select-yes-right-icon avia-size-large avia-position-center avia-color-theme-color avia-sonar-shadow'   aria-label=\"Solicitar una demostraci\u00f3n\"><span class='avia_iconbox_title' >Solicitar una demostraci\u00f3n<\/span><span class='avia_button_icon avia_button_icon_right avia-svg-icon avia-font-svg_entypo-fontello' data-av_svg_icon='right-dir' data-av_iconset='svg_entypo-fontello'><svg version=\"1.1\" xmlns=\"http:\/\/www.w3.org\/2000\/svg\" width=\"13\" height=\"32\" viewBox=\"0 0 13 32\" preserveAspectRatio=\"xMidYMid meet\" aria-labelledby='av-svg-title-1' aria-describedby='av-svg-desc-1' role=\"graphics-symbol\">\n<title id='av-svg-title-1'>Right-dir<\/title>\n<desc id='av-svg-desc-1'>Right-dir<\/desc>\n<path d=\"M0 8.64l12.8 7.36-12.8 7.36v-14.72z\"><\/path>\n<\/svg><\/span><\/a><\/div><\/div><\/div><!--close column table wrapper. Autoclose: 1 -->\n<\/p>\n","protected":false},"excerpt":{"rendered":"","protected":false},"author":2,"featured_media":913594245,"parent":0,"menu_order":0,"comment_status":"closed","ping_status":"closed","template":"","meta":{"footnotes":""},"class_list":["post-913593938","page","type-page","status-publish","has-post-thumbnail","hentry"],"_links":{"self":[{"href":"https:\/\/winmedia.fr\/es\/wp-json\/wp\/v2\/pages\/913593938","targetHints":{"allow":["GET"]}}],"collection":[{"href":"https:\/\/winmedia.fr\/es\/wp-json\/wp\/v2\/pages"}],"about":[{"href":"https:\/\/winmedia.fr\/es\/wp-json\/wp\/v2\/types\/page"}],"author":[{"embeddable":true,"href":"https:\/\/winmedia.fr\/es\/wp-json\/wp\/v2\/users\/2"}],"replies":[{"embeddable":true,"href":"https:\/\/winmedia.fr\/es\/wp-json\/wp\/v2\/comments?post=913593938"}],"version-history":[{"count":5,"href":"https:\/\/winmedia.fr\/es\/wp-json\/wp\/v2\/pages\/913593938\/revisions"}],"predecessor-version":[{"id":913594373,"href":"https:\/\/winmedia.fr\/es\/wp-json\/wp\/v2\/pages\/913593938\/revisions\/913594373"}],"wp:featuredmedia":[{"embeddable":true,"href":"https:\/\/winmedia.fr\/es\/wp-json\/wp\/v2\/media\/913594245"}],"wp:attachment":[{"href":"https:\/\/winmedia.fr\/es\/wp-json\/wp\/v2\/media?parent=913593938"}],"curies":[{"name":"wp","href":"https:\/\/api.w.org\/{rel}","templated":true}]}}